{"id":636,"date":"2022-03-15T14:54:41","date_gmt":"2022-03-15T13:54:41","guid":{"rendered":"https:\/\/dev.plexcore.sk\/idd\/?post_type=product&#038;p=636"},"modified":"2025-06-02T10:37:24","modified_gmt":"2025-06-02T08:37:24","slug":"vinpilot-pro","status":"publish","type":"product","link":"https:\/\/idd.sk\/en\/eshop\/control-system-vinpilot\/vinpilot-pro\/","title":{"rendered":"VinPilot\u00ae Pro BUS Regulator"},"content":{"rendered":"<div class=\"page\" title=\"Page 37\">\n<div class=\"section\">\n<div class=\"layoutArea\">\n<div class=\"column\">\n<p>VinPilot\u00aePro is a BUS system that convinces not only by its easy installation but also by the unlimited expansion of the system. A single cable connecting the controllers to the computer is sufficient to provide power for all controllers. The controllers operate independently and are fully functional even when disconnected from the computer. In addition to temperature sensing, VinPilot\u00ae also takes over the control and monitoring of other important processes. Thanks to the possibility of using a remote display, you have an even higher operating comfort. You can change the temperature via computer or smartphone, or directly on the tank.<\/p>\n<\/div>\n<div class=\"column\">\n<p><strong>VINPILOT\u00ae PRO FUNCTIONS<\/strong><\/p>\n<ul>\n<li>Temperature control<\/li>\n<li>Regulation process is recorded<\/li>\n<li>Micro-macro-oxidation<\/li>\n<li>Regulation control of Vinificators<\/li>\n<li>Fermentation based on CO2<\/li>\n<li>Rooms are air-conditioned<\/li>\n<li>Air humidification<\/li>\n<li>Administration of energies<\/li>\n<li>CO2 monitoring in the room.<\/li>\n<\/ul>\n<p><strong>BENEFITS<\/strong><\/p>\n<ul>\n<li>Perfect regulation control<\/li>\n<li>All information under a single button<\/li>\n<li>Controlled by smartphone<\/li>\n<li>5-year warranty.<\/li>\n<\/ul>\n<\/div>\n<\/div>\n<\/div>\n<\/div>","protected":false},"excerpt":{"rendered":"<div class=\"page\" title=\"Page 37\">\n<div class=\"section\">\n<div class=\"layoutArea\">\n<div class=\"column\">\n<p>VinPilot\u00aePro is currently the cutting-edge regulation in the world. It is a combination of regulation technology and functional design, what makes control and operational safety comfortable.<\/p>\n<p>For more information click on: <a href=\"https:\/\/www.vinpilot.com\" target=\"_blank\" rel=\"noopener\">https:\/\/www.vinpilot.com<\/a><\/p>\n<\/div>\n<\/div>\n<\/div>\n<\/div>","protected":false},"featured_media":4024,"template":"","meta":{"site-sidebar-layout":"default","site-content-layout":"default","ast-site-content-layout":"default","site-content-style":"default","site-sidebar-style":"default","ast-global-header-display":"","ast-banner-title-visibility":"","ast-main-header-display":"","ast-hfb-above-header-display":"","ast-hfb-below-header-display":"","ast-hfb-mobile-header-display":"","site-post-title":"","ast-breadcrumbs-content":"","ast-featured-img":"","footer-sml-layout":"","theme-transparent-header-meta":"default","adv-header-id-meta":"","stick-header-meta":"default","header-above-stick-meta":"","header-main-stick-meta":"","header-below-stick-meta":"","astra-migrate-meta-layouts":"set","ast-page-background-enabled":"default","ast-page-background-meta":{"desktop":{"background-color":"var(--ast-global-color-4)","background-image":"","background-repeat":"repeat","background-position":"center center","background-size":"auto","background-attachment":"scroll","background-type":"","background-media":"","overlay-type":"","overlay-color":"","overlay-opacity":"","overlay-gradient":""},"tablet":{"background-color":"","background-image":"","background-repeat":"repeat","background-position":"center center","background-size":"auto","background-attachment":"scroll","background-type":"","background-media":"","overlay-type":"","overlay-color":"","overlay-opacity":"","overlay-gradient":""},"mobile":{"background-color":"","background-image":"","background-repeat":"repeat","background-position":"center center","background-size":"auto","background-attachment":"scroll","background-type":"","background-media":"","overlay-type":"","overlay-color":"","overlay-opacity":"","overlay-gradient":""}},"ast-content-background-meta":{"desktop":{"background-color":"var(--ast-global-color-5)","background-image":"","background-repeat":"repeat","background-position":"center center","background-size":"auto","background-attachment":"scroll","background-type":"","background-media":"","overlay-type":"","overlay-color":"","overlay-opacity":"","overlay-gradient":""},"tablet":{"background-color":"var(--ast-global-color-5)","background-image":"","background-repeat":"repeat","background-position":"center center","background-size":"auto","background-attachment":"scroll","background-type":"","background-media":"","overlay-type":"","overlay-color":"","overlay-opacity":"","overlay-gradient":""},"mobile":{"background-color":"var(--ast-global-color-5)","background-image":"","background-repeat":"repeat","background-position":"center center","background-size":"auto","background-attachment":"scroll","background-type":"","background-media":"","overlay-type":"","overlay-color":"","overlay-opacity":"","overlay-gradient":""}}},"product_brand":[226],"product_cat":[57],"product_tag":[256],"class_list":{"0":"post-636","1":"product","2":"type-product","3":"status-publish","4":"has-post-thumbnail","6":"product_brand-idd","7":"product_cat-regulacny-system-vinpilot","8":"product_tag-regulacny-system-na-vyrobu-vina","9":"desktop-align-center","10":"tablet-align-center","11":"mobile-align-center","12":"ast-product-gallery-layout-horizontal-slider","13":"ast-product-gallery-with-no-image","14":"ast-magnify-disabled","15":"ast-product-tabs-layout-horizontal","16":"wcpa_has_options","18":"first","19":"instock","20":"taxable","21":"shipping-taxable","22":"purchasable","23":"product-type-simple"},"wcpa_form_fields":{"wcpaData":{"product":{"product_price":430.3,"price_html":"<span class=\"woocommerce-Price-amount amount\"><bdi>430,30&nbsp;<span class=\"woocommerce-Price-currencySymbol\">&euro;<\/span><\/bdi><\/span> <small class=\"woocommerce-price-suffix\">bez DPH<\/small>","original_product_price":430.3,"price_including_tax":430.3,"price_excluding_tax":430.3,"product_id":{"parent":636,"variation":false},"is_variable":false,"stock_status":"instock","stock_quantity":null,"parent_sku":"VPP_Pro","product_attributes":[],"custom_fields":[],"is_taxable":true,"product_name":"VinPilot\u00ae Pro BUS regul\u00e1tor","hasImage":false},"fields":{"sec_569f0bd6e73416":{"extra":{"key":"sec_569f0bd6e73416","section_id":"sec_569f0bd6e73416","name":"Default","status":1,"cl_rule":"show","enableCl":false,"relations":[],"toggle":true,"title_tag":"h3","show_title":false,"showPrice":"default","form_id":1474,"form_rules":{"exclude_from_discount":false,"fee_label":"Fee","disp_hide_options_price":false,"disp_show_section_price":false,"disp_show_field_price":true,"layout_option":"standard","pric_use_as_fee":false,"process_fee_as":"woo_fee"},"layout_option":"standard"},"fields":[[{"type":"header","subtype":"h3","label":"Dostupn\u00e9 volite\u013en\u00e9 roz\u0161\u00edrenia:","elementId":"wcpa-header-1671458857674","cl_rule":"show","col":6,"relations":false,"active":true,"tooltip":"","gt_translate_keys":["label","tooltip"],"price_dependency":false,"cl_dependency":false,"value":""}],[{"type":"number","elementId":"wcpa-number-1671210719882","label":"Zbernica TCP\/IP","enablePrice":true,"pricingType":"multiply","price":"444,20","name":"number-1671210719881","fee_label":"Cena:","cl_rule":"show","col":6,"relations":false,"active":true,"tooltip":"","gt_translate_keys":["label","tooltip"],"price_dependency":false,"cl_dependency":false,"value":""}],[{"type":"number","elementId":"wcpa-number-1671210911340","label":"Sn\u00edma\u010d teploty 8m","enablePrice":true,"pricingType":"multiply","price":"33,30","name":"number-1671210911339","cl_rule":"show","col":6,"relations":false,"active":true,"tooltip":"","gt_translate_keys":["label","tooltip"],"price_dependency":false,"cl_dependency":false,"value":""}],[{"type":"number","elementId":"wcpa-number-1671210936356","label":"Hybridn\u00fd k\u00e1bel 2x1,5+2x0,65 (24V nap\u00e1janie a BUS v jednom k\u00e1ble)","enablePrice":true,"pricingType":"multiply","price":"3,80","name":"number-1671210936355","cl_rule":"show","col":6,"relations":false,"active":true,"tooltip":"","gt_translate_keys":["label","tooltip"],"price_dependency":false,"cl_dependency":false,"value":""}],[{"type":"number","elementId":"wcpa-number-1671211017932","label":"Trafo pre 25 regul\u00e1torov a 25 motorov\u00fdch ventilov","enablePrice":true,"pricingType":"multiply","price":"178,40","name":"number-1671211017931","cl_rule":"show","col":6,"relations":false,"active":true,"tooltip":"","gt_translate_keys":["label","tooltip"],"price_dependency":false,"cl_dependency":false,"value":""}],[{"type":"number","elementId":"wcpa-number-1671211039109","label":"Rel\u00e9 pre regul\u00e1ciu \u010derpadla agreg\u00e1tu","enablePrice":true,"pricingType":"multiply","price":"38,00","name":"number-1671211039108","cl_rule":"show","col":6,"relations":false,"active":true,"tooltip":"","gt_translate_keys":["label","tooltip"],"price_dependency":false,"cl_dependency":false,"value":""}],[{"type":"number","elementId":"wcpa-number-1671211070645","label":"VinPilot\u00ae Remote (opcia) vzdia\u013een\u00fd displej pre VinPilot Pro regul\u00e1tor","enablePrice":true,"pricingType":"multiply","price":"181,00","name":"number-1671211070643","cl_rule":"show","col":6,"relations":false,"active":true,"tooltip":"","gt_translate_keys":["label","tooltip"],"price_dependency":false,"cl_dependency":false,"value":""}]]}},"config":{"price_override":"","enable_recaptcha":false,"bind_quantity":false,"quantity_bind_formula":false,"disp_summ_show_option_price":true,"disp_summ_show_product_price":true,"disp_summ_show_total_price":true,"disp_summ_show_fee":false,"disp_summ_show_discount":false,"summary_title":"","options_total_label":"Cena roz\u0161\u00edren\u00ed","total_label":"Spolu","options_product_label":"Cena produktu","fee_label":"Fee","discount_label":"Discount","has_price":true,"has_quantity_formula":false},"mc_unit":1,"tax_rate":1,"tax_rate_real":0,"discount":{"percentage":0,"fixed":0},"design":{"conf":{"LabelPosition":"above","DescPosition":"above","UploadField":"custom_1","QuantityFieldStyle":"default"},"css":{"LeftLabelWidth":"120px"}},"formulas":[],"lookuptables":[],"clones":false,"cartKey":false}},"_links":{"self":[{"href":"https:\/\/idd.sk\/en\/wp-json\/wp\/v2\/product\/636","targetHints":{"allow":["GET"]}}],"collection":[{"href":"https:\/\/idd.sk\/en\/wp-json\/wp\/v2\/product"}],"about":[{"href":"https:\/\/idd.sk\/en\/wp-json\/wp\/v2\/types\/product"}],"version-history":[{"count":0,"href":"https:\/\/idd.sk\/en\/wp-json\/wp\/v2\/product\/636\/revisions"}],"wp:featuredmedia":[{"embeddable":true,"href":"https:\/\/idd.sk\/en\/wp-json\/wp\/v2\/media\/4024"}],"wp:attachment":[{"href":"https:\/\/idd.sk\/en\/wp-json\/wp\/v2\/media?parent=636"}],"wp:term":[{"taxonomy":"product_brand","embeddable":true,"href":"https:\/\/idd.sk\/en\/wp-json\/wp\/v2\/product_brand?post=636"},{"taxonomy":"product_cat","embeddable":true,"href":"https:\/\/idd.sk\/en\/wp-json\/wp\/v2\/product_cat?post=636"},{"taxonomy":"product_tag","embeddable":true,"href":"https:\/\/idd.sk\/en\/wp-json\/wp\/v2\/product_tag?post=636"}],"curies":[{"name":"wp","href":"https:\/\/api.w.org\/{rel}","templated":true}]}}