{"id":4506,"date":"2026-04-02T13:08:33","date_gmt":"2026-04-02T11:08:33","guid":{"rendered":"https:\/\/idd.sk\/?post_type=product&#038;p=4506"},"modified":"2026-04-10T20:48:50","modified_gmt":"2026-04-10T18:48:50","slug":"stainless-steel-kettle-14l","status":"publish","type":"product","link":"https:\/\/idd.sk\/en\/eshop\/stainless-steel-basins\/stainless-steel-kettle-14l\/","title":{"rendered":"Stainless steel kettle 14l"},"content":{"rendered":"","protected":false},"excerpt":{"rendered":"<p>Nerezov\u00e1 kotlina so zabudovanou pecou ur\u010den\u00e1 na varenie v\u00a0exteri\u00e9ri so stabilnou, ru\u010dne opracovanou kon\u0161trukciou s\u00a0hr\u00fabkou materi\u00e1lu a\u017e 1,5 mm. Bez ostr\u00fdch hr\u00e1n. S\u00fa\u010das\u0165ou je kom\u00edn a\u00a0smaltovan\u00e1 n\u00e1doba na varenie.<\/p>\n<p><strong>S\u00fa\u010das\u0165ou je vyv\u0155tan\u00fd otvor ako predpr\u00edprava \u2013 mo\u017enos\u0165 zmeny na plynov\u00fd hor\u00e1k.<\/strong><\/p>\n<p><strong>Pre maxim\u00e1lne vyu\u017eitie: ku kotline je mo\u017en\u00e9 dok\u00fapi\u0165 pr\u00edslu\u0161enstvo \u2013 <a href=\"https:\/\/idd.sk\/eshop\/nerezove-kotliny\/rost-na-grilovanie\/\">ro\u0161t na grilovanie<\/a>, ktor\u00fd sl\u00fa\u017ei aj na rovnomern\u00e9 rozlo\u017eenia tepla pod kotl\u00edkom a zabra\u0148uje priamemu oh\u0148u kontakt s kotl\u00edkom.<\/strong><\/p>\n<p><strong>Conversion: <\/strong><\/p>\n<ul>\n<li>Rozmery kotliny: <strong>cca<\/strong> <strong>40,5 \u00d7 80 cm (\u0160 \u00d7 V)<\/strong><\/li>\n<li>Volume: <strong>cca 14 l<\/strong><\/li>\n<li>Materi\u00e1l: nerezov\u00e1 oce\u013e<\/li>\n<li>Hr\u00fabka materi\u00e1lu a\u017e <strong>1,5 mm<\/strong><\/li>\n<li>V\u00fd\u0161ka po strie\u0161ku kom\u00edna: <strong>cca 180 cm<\/strong><\/li>\n<li>Hmotnos\u0165: <strong>11 kg<\/strong><\/li>\n<li>Zabudovan\u00e1 pec (s dvierkami) s\u00a0ve\u013ekos\u0165ou otvoru <strong>cca<\/strong> <strong>20 \u00d7 11 cm (\u0160 \u00d7 V)<\/strong><\/li>\n<li>\u00dachyty po stran\u00e1ch sa nenahrievaj\u00fa \u2013 pre lep\u0161iu manipul\u00e1ciu a bezpe\u010dnos\u0165<\/li>\n<li>Odoln\u00e1 vo\u010di poveternostn\u00fdm vplyvom a vhodn\u00e1 na dlhodob\u00e9 skladovanie v\u00a0exteri\u00e9ri<\/li>\n<li>Horen\u00edm vznik\u00e1 prirodzen\u00e1 patina (nem\u00e1 vplyv na funk\u010dnos\u0165)<\/li>\n<li>Dobr\u00e1 stabilita na troch \u0161irok\u00fdch noh\u00e1ch<\/li>\n<\/ul>\n<p>&nbsp;<\/p>\n<p><strong>Pr\u00edslu\u0161enstvo k\u00a0nerezovej kotline:<\/strong><\/p>\n<ul>\n<li>Smaltovan\u00e1 n\u00e1doba na varenie<\/li>\n<li>Pokrievka<\/li>\n<li>Z\u00e1suvka na popol<\/li>\n<li>Kom\u00edn<\/li>\n<li>Predpr\u00edprava na plynov\u00fd hor\u00e1k (vyv\u0155tan\u00e1 diera)<\/li>\n<li>Mo\u017enos\u0165 dok\u00fapi\u0165 grilovacie pr\u00edslu\u0161enstvo (na objedn\u00e1vku)<\/li>\n<\/ul>","protected":false},"featured_media":4507,"template":"","meta":{"site-sidebar-layout":"default","site-content-layout":"","ast-site-content-layout":"default","site-content-style":"default","site-sidebar-style":"default","ast-global-header-display":"","ast-banner-title-visibility":"","ast-main-header-display":"","ast-hfb-above-header-display":"","ast-hfb-below-header-display":"","ast-hfb-mobile-header-display":"","site-post-title":"","ast-breadcrumbs-content":"","ast-featured-img":"","footer-sml-layout":"","theme-transparent-header-meta":"default","adv-header-id-meta":"","stick-header-meta":"default","header-above-stick-meta":"","header-main-stick-meta":"","header-below-stick-meta":"","astra-migrate-meta-layouts":"set","ast-page-background-enabled":"default","ast-page-background-meta":{"desktop":{"background-color":"var(--ast-global-color-4)","background-image":"","background-repeat":"repeat","background-position":"center center","background-size":"auto","background-attachment":"scroll","background-type":"","background-media":"","overlay-type":"","overlay-color":"","overlay-opacity":"","overlay-gradient":""},"tablet":{"background-color":"","background-image":"","background-repeat":"repeat","background-position":"center center","background-size":"auto","background-attachment":"scroll","background-type":"","background-media":"","overlay-type":"","overlay-color":"","overlay-opacity":"","overlay-gradient":""},"mobile":{"background-color":"","background-image":"","background-repeat":"repeat","background-position":"center center","background-size":"auto","background-attachment":"scroll","background-type":"","background-media":"","overlay-type":"","overlay-color":"","overlay-opacity":"","overlay-gradient":""}},"ast-content-background-meta":{"desktop":{"background-color":"var(--ast-global-color-5)","background-image":"","background-repeat":"repeat","background-position":"center center","background-size":"auto","background-attachment":"scroll","background-type":"","background-media":"","overlay-type":"","overlay-color":"","overlay-opacity":"","overlay-gradient":""},"tablet":{"background-color":"var(--ast-global-color-5)","background-image":"","background-repeat":"repeat","background-position":"center center","background-size":"auto","background-attachment":"scroll","background-type":"","background-media":"","overlay-type":"","overlay-color":"","overlay-opacity":"","overlay-gradient":""},"mobile":{"background-color":"var(--ast-global-color-5)","background-image":"","background-repeat":"repeat","background-position":"center center","background-size":"auto","background-attachment":"scroll","background-type":"","background-media":"","overlay-type":"","overlay-color":"","overlay-opacity":"","overlay-gradient":""}}},"product_brand":[226],"product_cat":[276],"product_tag":[],"class_list":{"0":"post-4506","1":"product","2":"type-product","3":"status-publish","4":"has-post-thumbnail","6":"product_brand-idd","7":"product_cat-nerezove-kotliny","8":"desktop-align-center","9":"tablet-align-center","10":"mobile-align-center","11":"ast-product-gallery-layout-horizontal-slider","12":"ast-magnify-disabled","13":"ast-product-tabs-layout-horizontal","15":"first","16":"instock","17":"taxable","18":"shipping-taxable","19":"purchasable","20":"product-type-simple"},"wcpa_form_fields":null,"_links":{"self":[{"href":"https:\/\/idd.sk\/en\/wp-json\/wp\/v2\/product\/4506","targetHints":{"allow":["GET"]}}],"collection":[{"href":"https:\/\/idd.sk\/en\/wp-json\/wp\/v2\/product"}],"about":[{"href":"https:\/\/idd.sk\/en\/wp-json\/wp\/v2\/types\/product"}],"version-history":[{"count":5,"href":"https:\/\/idd.sk\/en\/wp-json\/wp\/v2\/product\/4506\/revisions"}],"predecessor-version":[{"id":4521,"href":"https:\/\/idd.sk\/en\/wp-json\/wp\/v2\/product\/4506\/revisions\/4521"}],"wp:featuredmedia":[{"embeddable":true,"href":"https:\/\/idd.sk\/en\/wp-json\/wp\/v2\/media\/4507"}],"wp:attachment":[{"href":"https:\/\/idd.sk\/en\/wp-json\/wp\/v2\/media?parent=4506"}],"wp:term":[{"taxonomy":"product_brand","embeddable":true,"href":"https:\/\/idd.sk\/en\/wp-json\/wp\/v2\/product_brand?post=4506"},{"taxonomy":"product_cat","embeddable":true,"href":"https:\/\/idd.sk\/en\/wp-json\/wp\/v2\/product_cat?post=4506"},{"taxonomy":"product_tag","embeddable":true,"href":"https:\/\/idd.sk\/en\/wp-json\/wp\/v2\/product_tag?post=4506"}],"curies":[{"name":"wp","href":"https:\/\/api.w.org\/{rel}","templated":true}]}}