{"id":2080,"date":"2024-07-30T12:12:34","date_gmt":"2024-07-30T10:12:34","guid":{"rendered":"https:\/\/www.idd.sk\/?post_type=product&#038;p=2080"},"modified":"2025-05-05T10:18:31","modified_gmt":"2025-05-05T08:18:31","slug":"water-cooler-for-cooling-musts","status":"publish","type":"product","link":"https:\/\/idd.sk\/en\/eshop\/cooling\/water-cooler-for-cooling-musts\/","title":{"rendered":"Water cooler for cooling of ciders from 10000 ltr. of fermenting ciders at the same time"},"content":{"rendered":"<p><img fetchpriority=\"high\" decoding=\"async\" class=\"alignnone wp-image-2092 size-large\" src=\"https:\/\/www.idd.sk\/wp-content\/uploads\/2024\/07\/VCCL-2-1024x1024.jpg\" alt=\"\" width=\"1024\" height=\"1024\" title=\"\" srcset=\"https:\/\/idd.sk\/wp-content\/uploads\/2024\/07\/VCCL-2-1024x1024.jpg 1024w, https:\/\/idd.sk\/wp-content\/uploads\/2024\/07\/VCCL-2-600x600.jpg 600w, https:\/\/idd.sk\/wp-content\/uploads\/2024\/07\/VCCL-2-150x150.jpg 150w, https:\/\/idd.sk\/wp-content\/uploads\/2024\/07\/VCCL-2-768x768.jpg 768w, https:\/\/idd.sk\/wp-content\/uploads\/2024\/07\/VCCL-2-12x12.jpg 12w, https:\/\/idd.sk\/wp-content\/uploads\/2024\/07\/VCCL-2-400x400.jpg 400w, https:\/\/idd.sk\/wp-content\/uploads\/2024\/07\/VCCL-2-310x310.jpg 310w, https:\/\/idd.sk\/wp-content\/uploads\/2024\/07\/VCCL-2-300x300.jpg 300w, https:\/\/idd.sk\/wp-content\/uploads\/2024\/07\/VCCL-2-100x100.jpg 100w, https:\/\/idd.sk\/wp-content\/uploads\/2024\/07\/VCCL-2.jpg 1416w\" sizes=\"(max-width: 1024px) 100vw, 1024px\" \/><\/p>","protected":false},"excerpt":{"rendered":"<ul>\n<li>Compact cooling device for cooling during fermentation.<\/li>\n<li>Balancing tank and circulation pump made of stainless steel. All parts conducting the coolant are stripped.<\/li>\n<li>With a mixture of water and glycol, it is also suitable for the freezer. Standard speed control.<\/li>\n<li>All parts that come in contact with water are made of stainless material, controller with bus interface. Galvanized casing with powder coating. Stainless steel enclosure at a higher price.<\/li>\n<\/ul>","protected":false},"featured_media":2087,"template":"","meta":{"site-sidebar-layout":"default","site-content-layout":"","ast-site-content-layout":"default","site-content-style":"default","site-sidebar-style":"default","ast-global-header-display":"","ast-banner-title-visibility":"","ast-main-header-display":"","ast-hfb-above-header-display":"","ast-hfb-below-header-display":"","ast-hfb-mobile-header-display":"","site-post-title":"","ast-breadcrumbs-content":"","ast-featured-img":"","footer-sml-layout":"","theme-transparent-header-meta":"default","adv-header-id-meta":"","stick-header-meta":"default","header-above-stick-meta":"","header-main-stick-meta":"","header-below-stick-meta":"","astra-migrate-meta-layouts":"set","ast-page-background-enabled":"default","ast-page-background-meta":{"desktop":{"background-color":"var(--ast-global-color-4)","background-image":"","background-repeat":"repeat","background-position":"center center","background-size":"auto","background-attachment":"scroll","background-type":"","background-media":"","overlay-type":"","overlay-color":"","overlay-opacity":"","overlay-gradient":""},"tablet":{"background-color":"","background-image":"","background-repeat":"repeat","background-position":"center center","background-size":"auto","background-attachment":"scroll","background-type":"","background-media":"","overlay-type":"","overlay-color":"","overlay-opacity":"","overlay-gradient":""},"mobile":{"background-color":"","background-image":"","background-repeat":"repeat","background-position":"center center","background-size":"auto","background-attachment":"scroll","background-type":"","background-media":"","overlay-type":"","overlay-color":"","overlay-opacity":"","overlay-gradient":""}},"ast-content-background-meta":{"desktop":{"background-color":"var(--ast-global-color-5)","background-image":"","background-repeat":"repeat","background-position":"center center","background-size":"auto","background-attachment":"scroll","background-type":"","background-media":"","overlay-type":"","overlay-color":"","overlay-opacity":"","overlay-gradient":""},"tablet":{"background-color":"var(--ast-global-color-5)","background-image":"","background-repeat":"repeat","background-position":"center center","background-size":"auto","background-attachment":"scroll","background-type":"","background-media":"","overlay-type":"","overlay-color":"","overlay-opacity":"","overlay-gradient":""},"mobile":{"background-color":"var(--ast-global-color-5)","background-image":"","background-repeat":"repeat","background-position":"center center","background-size":"auto","background-attachment":"scroll","background-type":"","background-media":"","overlay-type":"","overlay-color":"","overlay-opacity":"","overlay-gradient":""}}},"product_brand":[226],"product_cat":[39],"product_tag":[243,242,244],"class_list":{"0":"post-2080","1":"product","2":"type-product","3":"status-publish","4":"has-post-thumbnail","6":"product_brand-idd","7":"product_cat-chladenie","8":"product_tag-chladenie-ovocnych-stiav","9":"product_tag-chladenie-vina","10":"product_tag-chladic-vody","11":"desktop-align-center","12":"tablet-align-center","13":"mobile-align-center","14":"ast-product-gallery-layout-horizontal-slider","15":"ast-magnify-disabled","16":"ast-product-single-variable","17":"ast-product-tabs-layout-horizontal","18":"wcpa_has_options","20":"first","21":"instock","22":"taxable","23":"shipping-taxable","24":"purchasable","25":"product-type-variable"},"wcpa_form_fields":{"wcpaData":{"product":{"product_price":6850,"price_html":"<span class=\"woocommerce-Price-amount amount\" aria-hidden=\"true\"><bdi>6 850,00&nbsp;<span class=\"woocommerce-Price-currencySymbol\">&euro;<\/span><\/bdi><\/span> <span aria-hidden=\"true\">&ndash;<\/span> <span class=\"woocommerce-Price-amount amount\" aria-hidden=\"true\"><bdi>8 970,00&nbsp;<span class=\"woocommerce-Price-currencySymbol\">&euro;<\/span><\/bdi><\/span><span class=\"screen-reader-text\">Price range: 6 850,00&nbsp;&euro; through 8 970,00&nbsp;&euro;<\/span> <small class=\"woocommerce-price-suffix\">bez DPH<\/small>","original_product_price":6850,"price_including_tax":6850,"price_excluding_tax":6850,"product_id":{"parent":2080,"variation":false},"is_variable":true,"stock_status":"instock","stock_quantity":null,"parent_sku":"","product_attributes":{"pa_typ-vccl":{"is_variation":true,"values":[]}},"custom_fields":[],"is_taxable":true,"product_name":"Chladi\u010d vody pre chladenie mu\u0161tov od 10000 ltr. naraz kvasiacich mu\u0161tov","hasImage":false},"fields":{"sec_166a8be4fbc32b":{"extra":{"key":"sec_166a8be4fbc32b","section_id":"sec_166a8be4fbc32b","name":"Default","status":1,"cl_rule":"show","enableCl":false,"relations":[],"toggle":true,"title_tag":"h3","show_title":false,"showPrice":"default","form_id":2090,"form_rules":{"exclude_from_discount":false,"fee_label":"Fee","disp_hide_options_price":false,"disp_show_section_price":false,"disp_show_field_price":true,"layout_option":"standard","pric_use_as_fee":false,"process_fee_as":"woo_fee"},"layout_option":"standard"},"fields":[[{"active":true,"col":6,"relations":false,"cl_rule":"show","enableCl":false,"price":"","enablePrice":false,"className":"","label_position":"default","desc_position":"default","type":"header","required":false,"elementId":"header_9326562424","label":"Pr\u00edslu\u0161enstvo","subtype":"h4","error":false,"gt_translate_keys":["label"],"price_dependency":false,"cl_dependency":false,"value":""}],[{"active":true,"col":6,"relations":false,"cl_rule":"show","enableCl":false,"price":"257","enablePrice":true,"className":"","label_position":"default","desc_position":"below","type":"checkbox","required":false,"elementId":"checkbox_5747414367","label":"Automatick\u00fd ventil Bypas","name":"checkbox_5747414367","value":"","check_value":"\u00c1no","checkUi":"","error":false,"pricingType":"fixed","description":"Uveden\u00e1 cena je za jeden kus automatick\u00e9ho ventilu. N\u00e1sob\u00ed sa pri po\u010dte kusov objedn\u00e1van\u00fdch chladiacich zariaden\u00ed.","gt_translate_keys":["label","description","value","check_value"],"price_dependency":false,"cl_dependency":false}],[{"active":true,"col":6,"relations":false,"cl_rule":"show","enableCl":false,"price":"Na po\u017eiadavku","enablePrice":false,"className":"","label_position":"default","desc_position":"below","type":"checkbox","required":false,"elementId":"checkbox_5155019100","label":"Pl\u00e1\u0161\u0165 z nehrdzavej\u00facej ocele","name":"checkbox_5155019100","value":"","check_value":"\u00c1no","checkUi":"","error":false,"pricingType":"multiply","isTemplate":false,"is_show_price":true,"description":"Cena pl\u00e1\u0161\u0165u z nehrdzavej\u00facej ocele bude kalkulovan\u00e1 samostatne.","tooltip":"","enable_quantity":false,"quantity_label":"Quantity","gt_translate_keys":["label","description","value","tooltip","quantity_label","check_value"],"price_dependency":false,"cl_dependency":false}]]}},"config":{"price_override":"","enable_recaptcha":false,"bind_quantity":false,"quantity_bind_formula":false,"disp_summ_show_option_price":true,"disp_summ_show_product_price":true,"disp_summ_show_total_price":true,"disp_summ_show_fee":false,"disp_summ_show_discount":false,"summary_title":"","options_total_label":"Cena roz\u0161\u00edren\u00ed","total_label":"Spolu","options_product_label":"Cena produktu","fee_label":"Fee","discount_label":"Discount","has_price":true,"has_quantity_formula":false},"mc_unit":1,"tax_rate":1,"tax_rate_real":0,"discount":{"percentage":0,"fixed":0},"design":{"conf":{"LabelPosition":"above","DescPosition":"above","UploadField":"custom_1","QuantityFieldStyle":"default"},"css":{"LeftLabelWidth":"120px"}},"formulas":[],"lookuptables":[],"clones":false,"cartKey":false}},"_links":{"self":[{"href":"https:\/\/idd.sk\/en\/wp-json\/wp\/v2\/product\/2080","targetHints":{"allow":["GET"]}}],"collection":[{"href":"https:\/\/idd.sk\/en\/wp-json\/wp\/v2\/product"}],"about":[{"href":"https:\/\/idd.sk\/en\/wp-json\/wp\/v2\/types\/product"}],"version-history":[{"count":0,"href":"https:\/\/idd.sk\/en\/wp-json\/wp\/v2\/product\/2080\/revisions"}],"wp:featuredmedia":[{"embeddable":true,"href":"https:\/\/idd.sk\/en\/wp-json\/wp\/v2\/media\/2087"}],"wp:attachment":[{"href":"https:\/\/idd.sk\/en\/wp-json\/wp\/v2\/media?parent=2080"}],"wp:term":[{"taxonomy":"product_brand","embeddable":true,"href":"https:\/\/idd.sk\/en\/wp-json\/wp\/v2\/product_brand?post=2080"},{"taxonomy":"product_cat","embeddable":true,"href":"https:\/\/idd.sk\/en\/wp-json\/wp\/v2\/product_cat?post=2080"},{"taxonomy":"product_tag","embeddable":true,"href":"https:\/\/idd.sk\/en\/wp-json\/wp\/v2\/product_tag?post=2080"}],"curies":[{"name":"wp","href":"https:\/\/api.w.org\/{rel}","templated":true}]}}