{"id":634,"date":"2022-03-15T14:54:19","date_gmt":"2022-03-15T13:54:19","guid":{"rendered":"https:\/\/dev.plexcore.sk\/idd\/?post_type=product&#038;p=634"},"modified":"2025-06-02T10:26:19","modified_gmt":"2025-06-02T08:26:19","slug":"vinpilot-one-flex","status":"publish","type":"product","link":"https:\/\/idd.sk\/cs\/eshop\/nastavitelny-system-vinpilot\/vinpilot-one-flex\/","title":{"rendered":"VinPilot\u00ae ONE FLEX"},"content":{"rendered":"<div class=\"page\" title=\"Strana 33\">\n<div class=\"layoutArea\">\n<div class=\"column\">\n<p>VinPilot\u00ae je komplexn\u00ed sklepn\u00ed syst\u00e9m pro v\u0161echna odv\u011btv\u00ed v\u00fdroby v\u00edna. V\u0161echny syst\u00e9my VinPilot\u00ae jsou zcela vodot\u011bsn\u00e9 a spl\u0148uj\u00ed vysok\u00e9 po\u017eadavky na kvalitu sklep\u016f. Vzhledem k vysok\u00e9mu standardu poskytujeme na tyto v\u00fdrobky p\u011btiletou z\u00e1ruku.<\/p>\n<div class=\"page\" title=\"Strana 34\">\n<div class=\"layoutArea\">\n<div class=\"column\">\n<p>VinPilot\u00aeOne je spolehliv\u00e9 za\u0159\u00edzen\u00ed s dlouhou \u017eivotnost\u00ed. Jedn\u00e1 se o vysoce kvalitn\u00ed, vod\u011bodolnou elektroniku \"Made in Germany\", vhodnou do sklepn\u00edho prost\u0159ed\u00ed. \u0158ada VinPilot\u00aeOne je variabiln\u00ed.<\/p>\n<\/div>\n<\/div>\n<\/div>\n<\/div>\n<\/div>\n<\/div>","protected":false},"excerpt":{"rendered":"<div class=\"page\" title=\"Strana 34\">\n<div class=\"layoutArea\">\n<div class=\"column\">\n<div class=\"page\" title=\"Strana 34\">\n<div class=\"section\">\n<div class=\"layoutArea\">\n<div class=\"column\">\n<p>Regul\u00e1tor \"One Flex\" je na zadn\u00ed stran\u011b vybaven teplotn\u00edm \u010didlem z nerezov\u00e9 oceli, kter\u00e9 m\u016f\u017eete vlo\u017eit p\u0159\u00edmo do j\u00edmky teplom\u011bru. Toto \u0159e\u0161en\u00ed usnad\u0148uje instalaci a nab\u00edz\u00ed flexibilitu prost\u0159ednictv\u00edm syst\u00e9mov\u00e9ho kabelu s konektorem, co\u017e umo\u017e\u0148uje pou\u017e\u00edvat VinPilot\u00ae One ve v\u00edce fermenta\u010dn\u00edch n\u00e1dr\u017e\u00edch b\u011bhem kampan\u011b.<\/p>\n<p>Dal\u0161\u00ed informace <a href=\"https:\/\/www.vinpilot.com\" target=\"_blank\" rel=\"noopener\">https:\/\/www.vinpilot.com<\/a><\/p>\n<\/div>\n<\/div>\n<\/div>\n<\/div>\n<\/div>\n<\/div>\n<\/div>","protected":false},"featured_media":4020,"template":"","meta":{"site-sidebar-layout":"default","site-content-layout":"default","ast-site-content-layout":"default","site-content-style":"default","site-sidebar-style":"default","ast-global-header-display":"","ast-banner-title-visibility":"","ast-main-header-display":"","ast-hfb-above-header-display":"","ast-hfb-below-header-display":"","ast-hfb-mobile-header-display":"","site-post-title":"","ast-breadcrumbs-content":"","ast-featured-img":"","footer-sml-layout":"","theme-transparent-header-meta":"default","adv-header-id-meta":"","stick-header-meta":"default","header-above-stick-meta":"","header-main-stick-meta":"","header-below-stick-meta":"","astra-migrate-meta-layouts":"set","ast-page-background-enabled":"default","ast-page-background-meta":{"desktop":{"background-color":"var(--ast-global-color-4)","background-image":"","background-repeat":"repeat","background-position":"center center","background-size":"auto","background-attachment":"scroll","background-type":"","background-media":"","overlay-type":"","overlay-color":"","overlay-opacity":"","overlay-gradient":""},"tablet":{"background-color":"","background-image":"","background-repeat":"repeat","background-position":"center center","background-size":"auto","background-attachment":"scroll","background-type":"","background-media":"","overlay-type":"","overlay-color":"","overlay-opacity":"","overlay-gradient":""},"mobile":{"background-color":"","background-image":"","background-repeat":"repeat","background-position":"center center","background-size":"auto","background-attachment":"scroll","background-type":"","background-media":"","overlay-type":"","overlay-color":"","overlay-opacity":"","overlay-gradient":""}},"ast-content-background-meta":{"desktop":{"background-color":"var(--ast-global-color-5)","background-image":"","background-repeat":"repeat","background-position":"center center","background-size":"auto","background-attachment":"scroll","background-type":"","background-media":"","overlay-type":"","overlay-color":"","overlay-opacity":"","overlay-gradient":""},"tablet":{"background-color":"var(--ast-global-color-5)","background-image":"","background-repeat":"repeat","background-position":"center center","background-size":"auto","background-attachment":"scroll","background-type":"","background-media":"","overlay-type":"","overlay-color":"","overlay-opacity":"","overlay-gradient":""},"mobile":{"background-color":"var(--ast-global-color-5)","background-image":"","background-repeat":"repeat","background-position":"center center","background-size":"auto","background-attachment":"scroll","background-type":"","background-media":"","overlay-type":"","overlay-color":"","overlay-opacity":"","overlay-gradient":""}}},"product_brand":[226],"product_cat":[57],"product_tag":[256],"class_list":{"0":"post-634","1":"product","2":"type-product","3":"status-publish","4":"has-post-thumbnail","6":"product_brand-idd","7":"product_cat-regulacny-system-vinpilot","8":"product_tag-regulacny-system-na-vyrobu-vina","9":"desktop-align-center","10":"tablet-align-center","11":"mobile-align-center","12":"ast-product-gallery-layout-horizontal-slider","13":"ast-product-gallery-with-no-image","14":"ast-magnify-disabled","15":"ast-product-single-variable","16":"ast-product-tabs-layout-horizontal","17":"wcpa_has_options","19":"first","20":"instock","21":"taxable","22":"shipping-taxable","23":"purchasable","24":"product-type-variable"},"wcpa_form_fields":{"wcpaData":{"product":{"product_price":334.4,"price_html":"<span class=\"woocommerce-Price-amount amount\" aria-hidden=\"true\"><bdi>334,40&nbsp;<span class=\"woocommerce-Price-currencySymbol\">&euro;<\/span><\/bdi><\/span> <span aria-hidden=\"true\">-<\/span> <span class=\"woocommerce-Price-amount amount\" aria-hidden=\"true\"><bdi>341,10&nbsp;<span class=\"woocommerce-Price-currencySymbol\">&euro;<\/span><\/bdi><\/span><span class=\"screen-reader-text\">Rozp\u011bt\u00ed cen: 334,40&nbsp;&euro; a\u017e 341,10&nbsp;&euro;<\/span> <small class=\"woocommerce-price-suffix\">bez DPH<\/small>","original_product_price":334.4,"price_including_tax":334.4,"price_excluding_tax":334.4,"product_id":{"parent":634,"variation":false},"is_variable":true,"stock_status":"instock","stock_quantity":null,"parent_sku":"","product_attributes":{"pa_oneflex":{"is_variation":true,"values":[]}},"custom_fields":[],"is_taxable":true,"product_name":"VinPilot\u00ae ONE FLEX","hasImage":false},"fields":{"sec_969ee13d459d78":{"extra":{"key":"sec_969ee13d459d78","section_id":"sec_969ee13d459d78","name":"Default","status":1,"cl_rule":"show","enableCl":false,"relations":[],"toggle":true,"title_tag":"h3","show_title":false,"showPrice":"default","form_id":1638,"form_rules":{"exclude_from_discount":false,"fee_label":"Fee","disp_hide_options_price":false,"disp_show_section_price":false,"disp_show_field_price":true,"layout_option":"standard","pric_use_as_fee":false,"process_fee_as":"woo_fee"},"layout_option":"standard"},"fields":[[{"type":"header","subtype":"h3","label":"Dostupn\u00e9 volite\u013en\u00e9 roz\u0161\u00edrenia:","elementId":"wcpa-header-63d2899d1e46b","cl_rule":"show","col":6,"relations":false,"active":true,"tooltip":"","gt_translate_keys":["label","tooltip"],"price_dependency":false,"cl_dependency":false,"value":""}],[{"type":"number","elementId":"wcpa-number-63d2899d1e473","label":"Sn\u00edma\u010d teploty s 8 metrov\u00fdm k\u00e1blom","enablePrice":true,"pricingType":"multiply","price":"33","name":"number-63d2899d1e478","cl_rule":"show","col":6,"relations":false,"active":true,"tooltip":"","gt_translate_keys":["label","tooltip"],"price_dependency":false,"cl_dependency":false,"value":""}],[{"type":"number","elementId":"wcpa-number-63d2899d1e47d","label":"Hybridn\u00fd k\u00e1bel 2x1,5+2x0,5 pre nap\u00e1janie a sign\u00e1l \u010derpadla","enablePrice":true,"pricingType":"multiply","price":"2.2","name":"number-63d2899d1e499","cl_rule":"show","col":6,"relations":false,"active":true,"tooltip":"","gt_translate_keys":["label","tooltip"],"price_dependency":false,"cl_dependency":false,"value":""}],[{"type":"number","elementId":"wcpa-number-1674742239324","label":"Transform\u00e1tor pre 12 jednotiek a 12 motorov\u00fdch gu\u013eov\u00fdch ventilov","enablePrice":true,"pricingType":"multiply","price":"82.3","name":"number-1674742239322","cl_rule":"show","col":6,"relations":false,"active":true,"tooltip":"","gt_translate_keys":["label","tooltip"],"price_dependency":false,"cl_dependency":false,"value":""}],[{"type":"number","elementId":"wcpa-number-1674742272055","label":"Transform\u00e1tor pre 25 jednotiek a 25 motorov\u00fdch gu\u013eov\u00fdch ventilov","enablePrice":true,"pricingType":"multiply","price":"177.6","name":"number-1674742272052","cl_rule":"show","col":6,"relations":false,"active":true,"tooltip":"","gt_translate_keys":["label","tooltip"],"price_dependency":false,"cl_dependency":false,"value":""}],[{"type":"number","elementId":"wcpa-number-1674742311337","label":"Rel\u00e9 na ovl\u00e1danie chladiaceho alebo vykurovacieho \u010derpadla","enablePrice":true,"pricingType":"multiply","price":"53.7","name":"number-1674742311334","cl_rule":"show","col":6,"relations":false,"active":true,"tooltip":"","gt_translate_keys":["label","tooltip"],"price_dependency":false,"cl_dependency":false,"value":""}],[{"type":"number","elementId":"wcpa-number-1674742339856","label":"Teplomerov\u00e1 obj\u00edmka sn\u00edma\u010da na zv\u00e1ranie alebo skrutkovanie (s tesnen\u00edm a prevle\u010dnou maticou)","enablePrice":true,"pricingType":"multiply","price":"31.5","name":"number-1674742339851","cl_rule":"show","col":6,"relations":false,"active":true,"tooltip":"","gt_translate_keys":["label","tooltip"],"price_dependency":false,"cl_dependency":false,"value":""}],[{"type":"number","elementId":"wcpa-number-1674742360235","label":"Z\u00e1suvn\u00fd adapt\u00e9r n\u00e1dr\u017ee na mont\u00e1\u017e zariadenia VinPilot One Split (potrebn\u00e9 zv\u00e1racie skrutky M5)","enablePrice":true,"pricingType":"multiply","price":"10.6","name":"number-1674742360233","cl_rule":"show","col":6,"relations":false,"active":true,"tooltip":"","gt_translate_keys":["label","tooltip"],"price_dependency":false,"cl_dependency":false,"value":""}]]}},"config":{"price_override":"","enable_recaptcha":false,"bind_quantity":false,"quantity_bind_formula":false,"disp_summ_show_option_price":true,"disp_summ_show_product_price":true,"disp_summ_show_total_price":true,"disp_summ_show_fee":false,"disp_summ_show_discount":false,"summary_title":"","options_total_label":"Cena roz\u0161\u00edren\u00ed","total_label":"Spolu","options_product_label":"Cena produktu","fee_label":"Fee","discount_label":"Discount","has_price":true,"has_quantity_formula":false},"mc_unit":1,"tax_rate":1,"tax_rate_real":0,"discount":{"percentage":0,"fixed":0},"design":{"conf":{"LabelPosition":"above","DescPosition":"above","UploadField":"custom_1","QuantityFieldStyle":"default"},"css":{"LeftLabelWidth":"120px"}},"formulas":[],"lookuptables":[],"clones":false,"cartKey":false}},"_links":{"self":[{"href":"https:\/\/idd.sk\/cs\/wp-json\/wp\/v2\/product\/634","targetHints":{"allow":["GET"]}}],"collection":[{"href":"https:\/\/idd.sk\/cs\/wp-json\/wp\/v2\/product"}],"about":[{"href":"https:\/\/idd.sk\/cs\/wp-json\/wp\/v2\/types\/product"}],"version-history":[{"count":0,"href":"https:\/\/idd.sk\/cs\/wp-json\/wp\/v2\/product\/634\/revisions"}],"wp:featuredmedia":[{"embeddable":true,"href":"https:\/\/idd.sk\/cs\/wp-json\/wp\/v2\/media\/4020"}],"wp:attachment":[{"href":"https:\/\/idd.sk\/cs\/wp-json\/wp\/v2\/media?parent=634"}],"wp:term":[{"taxonomy":"product_brand","embeddable":true,"href":"https:\/\/idd.sk\/cs\/wp-json\/wp\/v2\/product_brand?post=634"},{"taxonomy":"product_cat","embeddable":true,"href":"https:\/\/idd.sk\/cs\/wp-json\/wp\/v2\/product_cat?post=634"},{"taxonomy":"product_tag","embeddable":true,"href":"https:\/\/idd.sk\/cs\/wp-json\/wp\/v2\/product_tag?post=634"}],"curies":[{"name":"wp","href":"https:\/\/api.w.org\/{rel}","templated":true}]}}