{"id":4506,"date":"2026-04-02T13:08:33","date_gmt":"2026-04-02T11:08:33","guid":{"rendered":"https:\/\/idd.sk\/?post_type=product&#038;p=4506"},"modified":"2026-04-10T20:48:50","modified_gmt":"2026-04-10T18:48:50","slug":"konvice-z-nerezove-oceli-14l","status":"publish","type":"product","link":"https:\/\/idd.sk\/cs\/eshop\/umyvadla-z-nerezove-oceli\/konvice-z-nerezove-oceli-14l\/","title":{"rendered":"Nerezov\u00e1 konvice 14l"},"content":{"rendered":"","protected":false},"excerpt":{"rendered":"<p>Nerezov\u00fd kotl\u00edk s vestav\u011bnou troubou pro venkovn\u00ed va\u0159en\u00ed se stabiln\u00ed, ru\u010dn\u011b opracovanou konstrukc\u00ed s tlou\u0161\u0165kou materi\u00e1lu a\u017e 1,5 mm. Bez ostr\u00fdch hran. V\u010detn\u011b kom\u00ednu a smaltovan\u00e9 varn\u00e9 n\u00e1doby.<\/p>\n<p><strong>Sou\u010d\u00e1st\u00ed dod\u00e1vky je vyvrtan\u00fd otvor jako p\u0159edp\u0159\u00edprava - mo\u017enost zm\u011bny na plynov\u00fd ho\u0159\u00e1k.<\/strong><\/p>\n<p><strong>Pro maxim\u00e1ln\u00ed vyu\u017eit\u00ed: k umyvadlu lze dokoupit p\u0159\u00edslu\u0161enstv\u00ed - <a href=\"https:\/\/idd.sk\/eshop\/nerezove-kotliny\/rost-na-grilovanie\/\">grilovac\u00ed ro\u0161t<\/a>kter\u00fd rovn\u011b\u017e slou\u017e\u00ed k rovnom\u011brn\u00e9mu rozlo\u017een\u00ed tepla pod konvic\u00ed a zabra\u0148uje p\u0159\u00edm\u00e9mu kontaktu ohn\u011b s konvic\u00ed.<\/strong><\/p>\n<p><strong>Konverze: <\/strong><\/p>\n<ul>\n<li>Rozm\u011bry umyvadla: <strong>p\u0159ibli\u017en\u011b.<\/strong> <strong>40,5 \u00d7 80 cm (\u0161 \u00d7 v)<\/strong><\/li>\n<li>Objem: <strong>p\u0159ibli\u017en\u011b 14 l<\/strong><\/li>\n<li>Materi\u00e1l: nerezov\u00e1 ocel<\/li>\n<li>Tlou\u0161\u0165ka materi\u00e1lu do <strong>1,5 mm<\/strong><\/li>\n<li>V\u00fd\u0161ka ke st\u0159e\u0161e kom\u00edna: <strong>cca 180 cm<\/strong><\/li>\n<li>Hmotnost: <strong>11 kg<\/strong><\/li>\n<li>Vestavn\u00e1 pec (s dv\u00ed\u0159ky) s velikost\u00ed otvoru <strong>p\u0159ibli\u017en\u011b.<\/strong> <strong>20 \u00d7 11 cm (\u0161 \u00d7 v)<\/strong><\/li>\n<li>Rukojeti po stran\u00e1ch se nezah\u0159\u00edvaj\u00ed - pro lep\u0161\u00ed manipulaci a bezpe\u010dnost<\/li>\n<li>Odolnost v\u016f\u010di pov\u011btrnostn\u00edm vliv\u016fm a vhodnost pro dlouhodob\u00e9 skladov\u00e1n\u00ed venku<\/li>\n<li>P\u00e1len\u00edm vznik\u00e1 p\u0159irozen\u00e1 patina (nem\u00e1 vliv na funk\u010dnost).<\/li>\n<li>Dobr\u00e1 stabilita na t\u0159ech \u0161irok\u00fdch noh\u00e1ch<\/li>\n<\/ul>\n<p>&nbsp;<\/p>\n<p><strong>P\u0159\u00edslu\u0161enstv\u00ed pro kotle z nerezov\u00e9 oceli:<\/strong><\/p>\n<ul>\n<li>Smaltovan\u00e1 n\u00e1doba na va\u0159en\u00ed<\/li>\n<li>V\u00edko<\/li>\n<li>Popelov\u00e1 z\u00e1suvka<\/li>\n<li>Kom\u00edn<\/li>\n<li>P\u0159\u00edprava pro plynov\u00fd ho\u0159\u00e1k (vyvrtan\u00fd otvor)<\/li>\n<li>Mo\u017enost dokoupen\u00ed p\u0159\u00edslu\u0161enstv\u00ed ke grilov\u00e1n\u00ed (na vy\u017e\u00e1d\u00e1n\u00ed)<\/li>\n<\/ul>","protected":false},"featured_media":4507,"template":"","meta":{"site-sidebar-layout":"default","site-content-layout":"","ast-site-content-layout":"default","site-content-style":"default","site-sidebar-style":"default","ast-global-header-display":"","ast-banner-title-visibility":"","ast-main-header-display":"","ast-hfb-above-header-display":"","ast-hfb-below-header-display":"","ast-hfb-mobile-header-display":"","site-post-title":"","ast-breadcrumbs-content":"","ast-featured-img":"","footer-sml-layout":"","theme-transparent-header-meta":"default","adv-header-id-meta":"","stick-header-meta":"default","header-above-stick-meta":"","header-main-stick-meta":"","header-below-stick-meta":"","astra-migrate-meta-layouts":"set","ast-page-background-enabled":"default","ast-page-background-meta":{"desktop":{"background-color":"var(--ast-global-color-4)","background-image":"","background-repeat":"repeat","background-position":"center center","background-size":"auto","background-attachment":"scroll","background-type":"","background-media":"","overlay-type":"","overlay-color":"","overlay-opacity":"","overlay-gradient":""},"tablet":{"background-color":"","background-image":"","background-repeat":"repeat","background-position":"center center","background-size":"auto","background-attachment":"scroll","background-type":"","background-media":"","overlay-type":"","overlay-color":"","overlay-opacity":"","overlay-gradient":""},"mobile":{"background-color":"","background-image":"","background-repeat":"repeat","background-position":"center center","background-size":"auto","background-attachment":"scroll","background-type":"","background-media":"","overlay-type":"","overlay-color":"","overlay-opacity":"","overlay-gradient":""}},"ast-content-background-meta":{"desktop":{"background-color":"var(--ast-global-color-5)","background-image":"","background-repeat":"repeat","background-position":"center center","background-size":"auto","background-attachment":"scroll","background-type":"","background-media":"","overlay-type":"","overlay-color":"","overlay-opacity":"","overlay-gradient":""},"tablet":{"background-color":"var(--ast-global-color-5)","background-image":"","background-repeat":"repeat","background-position":"center center","background-size":"auto","background-attachment":"scroll","background-type":"","background-media":"","overlay-type":"","overlay-color":"","overlay-opacity":"","overlay-gradient":""},"mobile":{"background-color":"var(--ast-global-color-5)","background-image":"","background-repeat":"repeat","background-position":"center center","background-size":"auto","background-attachment":"scroll","background-type":"","background-media":"","overlay-type":"","overlay-color":"","overlay-opacity":"","overlay-gradient":""}}},"product_brand":[226],"product_cat":[276],"product_tag":[],"class_list":{"0":"post-4506","1":"product","2":"type-product","3":"status-publish","4":"has-post-thumbnail","6":"product_brand-idd","7":"product_cat-nerezove-kotliny","8":"desktop-align-center","9":"tablet-align-center","10":"mobile-align-center","11":"ast-product-gallery-layout-horizontal-slider","12":"ast-magnify-disabled","13":"ast-product-tabs-layout-horizontal","15":"first","16":"instock","17":"taxable","18":"shipping-taxable","19":"purchasable","20":"product-type-simple"},"wcpa_form_fields":null,"_links":{"self":[{"href":"https:\/\/idd.sk\/cs\/wp-json\/wp\/v2\/product\/4506","targetHints":{"allow":["GET"]}}],"collection":[{"href":"https:\/\/idd.sk\/cs\/wp-json\/wp\/v2\/product"}],"about":[{"href":"https:\/\/idd.sk\/cs\/wp-json\/wp\/v2\/types\/product"}],"version-history":[{"count":5,"href":"https:\/\/idd.sk\/cs\/wp-json\/wp\/v2\/product\/4506\/revisions"}],"predecessor-version":[{"id":4521,"href":"https:\/\/idd.sk\/cs\/wp-json\/wp\/v2\/product\/4506\/revisions\/4521"}],"wp:featuredmedia":[{"embeddable":true,"href":"https:\/\/idd.sk\/cs\/wp-json\/wp\/v2\/media\/4507"}],"wp:attachment":[{"href":"https:\/\/idd.sk\/cs\/wp-json\/wp\/v2\/media?parent=4506"}],"wp:term":[{"taxonomy":"product_brand","embeddable":true,"href":"https:\/\/idd.sk\/cs\/wp-json\/wp\/v2\/product_brand?post=4506"},{"taxonomy":"product_cat","embeddable":true,"href":"https:\/\/idd.sk\/cs\/wp-json\/wp\/v2\/product_cat?post=4506"},{"taxonomy":"product_tag","embeddable":true,"href":"https:\/\/idd.sk\/cs\/wp-json\/wp\/v2\/product_tag?post=4506"}],"curies":[{"name":"wp","href":"https:\/\/api.w.org\/{rel}","templated":true}]}}