{"id":55,"date":"2022-01-26T16:41:22","date_gmt":"2022-01-26T15:41:22","guid":{"rendered":"https:\/\/dev.plexcore.sk\/idd\/?page_id=55"},"modified":"2025-04-15T12:19:19","modified_gmt":"2025-04-15T10:19:19","slug":"kontakt","status":"publish","type":"page","link":"https:\/\/idd.sk\/cs\/kontakt\/","title":{"rendered":"Kontakt"},"content":{"rendered":"<div data-elementor-type=\"wp-page\" data-elementor-id=\"55\" class=\"elementor elementor-55\" data-elementor-post-type=\"page\">\n\t\t\t\t<div class=\"elementor-element elementor-element-0092dde e-con-full e-flex e-con e-parent\" data-id=\"0092dde\" data-element_type=\"container\">\n\t\t<div class=\"elementor-element elementor-element-f29ef6f e-flex e-con-boxed e-con e-child\" data-id=\"f29ef6f\" data-element_type=\"container\">\n\t\t\t\t\t<div class=\"e-con-inner\">\n\t\t\t\t<div class=\"elementor-element elementor-element-34dcd68 elementor-widget elementor-widget-heading\" data-id=\"34dcd68\" data-element_type=\"widget\" data-widget_type=\"heading.default\">\n\t\t\t\t\t\t<div class=\"elementor-widget-container\">\n\t\t\t\t\t<h1 class=\"elementor-heading-title elementor-size-default\">Kontakt<\/h1>\t\t\t\t<\/div>\n\t\t\t\t<\/div>\n\t\t\t\t<div class=\"elementor-element elementor-element-bb71b78 elementor-widget elementor-widget-text-editor\" data-id=\"bb71b78\" data-element_type=\"widget\" data-widget_type=\"text-editor.default\">\n\t\t\t\t\t\t<div class=\"elementor-widget-container\">\n\t\t\t\t\t\t\t\t\t<p>Spole\u010dnost IDD Bratislava ji\u017e v\u00edce ne\u017e 30 let p\u0159in\u00e1\u0161\u00ed na trh inovativn\u00ed za\u0159\u00edzen\u00ed nejvy\u0161\u0161\u00ed kvality pro vina\u0159sk\u00fd pr\u016fmysl. IDD je nejv\u011bt\u0161\u00edm slovensk\u00fdm v\u00fdrobcem nerezov\u00fdch vina\u0159sk\u00fdch za\u0159\u00edzen\u00ed.<\/p>\t\t\t\t\t\t\t\t<\/div>\n\t\t\t\t<\/div>\n\t\t\t\t\t<\/div>\n\t\t\t\t<\/div>\n\t\t<div class=\"elementor-element elementor-element-0c92c26 e-con-full e-flex e-con e-child\" data-id=\"0c92c26\" data-element_type=\"container\" data-settings=\"{&quot;background_background&quot;:&quot;video&quot;,&quot;background_video_link&quot;:&quot;https:\\\/\\\/www.youtube.com\\\/watch?v=-T-9BTo3EYE&quot;,&quot;background_video_start&quot;:3,&quot;background_video_end&quot;:9,&quot;background_play_on_mobile&quot;:&quot;yes&quot;}\">\n\t\t<div class=\"elementor-background-video-container\" aria-hidden=\"true\">\n\t\t\t\t\t\t\t<div class=\"elementor-background-video-embed\"><\/div>\n\t\t\t\t\t\t<\/div>\t\t<\/div>\n\t\t\t\t<\/div>\n\t\t<div class=\"elementor-element elementor-element-8739511 e-flex e-con-boxed e-con e-parent\" data-id=\"8739511\" data-element_type=\"container\">\n\t\t\t\t\t<div class=\"e-con-inner\">\n\t\t<div class=\"elementor-element elementor-element-46ab7a6 e-con-full e-flex e-con e-child\" data-id=\"46ab7a6\" data-element_type=\"container\">\n\t\t<div class=\"elementor-element elementor-element-3ab451c e-con-full e-flex e-con e-child\" data-id=\"3ab451c\" data-element_type=\"container\">\n\t\t\t\t<div class=\"elementor-element elementor-element-b198ede elementor-widget elementor-widget-icon-box\" data-id=\"b198ede\" data-element_type=\"widget\" data-widget_type=\"icon-box.default\">\n\t\t\t\t\t\t<div class=\"elementor-widget-container\">\n\t\t\t\t\t\t\t<div class=\"elementor-icon-box-wrapper\">\n\n\t\t\t\n\t\t\t\t\t\t<div class=\"elementor-icon-box-content\">\n\n\t\t\t\t\t\t\t\t\t<h3 class=\"elementor-icon-box-title\">\n\t\t\t\t\t\t<span  >\n\t\t\t\t\t\t\t+421 2 5477 6917\t\t\t\t\t\t<\/span>\n\t\t\t\t\t<\/h3>\n\t\t\t\t\n\t\t\t\t\n\t\t\t<\/div>\n\t\t\t\n\t\t<\/div>\n\t\t\t\t\t\t<\/div>\n\t\t\t\t<\/div>\n\t\t\t\t<\/div>\n\t\t<div class=\"elementor-element elementor-element-aeb56e4 e-con-full e-flex e-con e-child\" data-id=\"aeb56e4\" data-element_type=\"container\">\n\t\t\t\t<div class=\"elementor-element elementor-element-2cc9e26 elementor-widget elementor-widget-icon-box\" data-id=\"2cc9e26\" data-element_type=\"widget\" data-widget_type=\"icon-box.default\">\n\t\t\t\t\t\t<div class=\"elementor-widget-container\">\n\t\t\t\t\t\t\t<div class=\"elementor-icon-box-wrapper\">\n\n\t\t\t\n\t\t\t\t\t\t<div class=\"elementor-icon-box-content\">\n\n\t\t\t\t\t\t\t\t\t<h3 class=\"elementor-icon-box-title\">\n\t\t\t\t\t\t<span  >\n\t\t\t\t\t\t\t+421 903 653 234\t\t\t\t\t\t<\/span>\n\t\t\t\t\t<\/h3>\n\t\t\t\t\n\t\t\t\t\n\t\t\t<\/div>\n\t\t\t\n\t\t<\/div>\n\t\t\t\t\t\t<\/div>\n\t\t\t\t<\/div>\n\t\t\t\t<\/div>\n\t\t<div class=\"elementor-element elementor-element-cd10ce9 e-con-full e-flex e-con e-child\" data-id=\"cd10ce9\" data-element_type=\"container\">\n\t\t\t\t<div class=\"elementor-element elementor-element-3bf361b elementor-widget elementor-widget-icon-box\" data-id=\"3bf361b\" data-element_type=\"widget\" data-widget_type=\"icon-box.default\">\n\t\t\t\t\t\t<div class=\"elementor-widget-container\">\n\t\t\t\t\t\t\t<div class=\"elementor-icon-box-wrapper\">\n\n\t\t\t\n\t\t\t\t\t\t<div class=\"elementor-icon-box-content\">\n\n\t\t\t\t\t\t\t\t\t<h3 class=\"elementor-icon-box-title\">\n\t\t\t\t\t\t<span  >\n\t\t\t\t\t\t\t idd@idd.sk\t\t\t\t\t\t<\/span>\n\t\t\t\t\t<\/h3>\n\t\t\t\t\n\t\t\t\t\n\t\t\t<\/div>\n\t\t\t\n\t\t<\/div>\n\t\t\t\t\t\t<\/div>\n\t\t\t\t<\/div>\n\t\t\t\t<\/div>\n\t\t<div class=\"elementor-element elementor-element-7ed6d31 e-con-full e-flex e-con e-child\" data-id=\"7ed6d31\" data-element_type=\"container\">\n\t\t\t\t<div class=\"elementor-element elementor-element-23577ac elementor-widget elementor-widget-icon-box\" data-id=\"23577ac\" data-element_type=\"widget\" data-widget_type=\"icon-box.default\">\n\t\t\t\t\t\t<div class=\"elementor-widget-container\">\n\t\t\t\t\t\t\t<div class=\"elementor-icon-box-wrapper\">\n\n\t\t\t\n\t\t\t\t\t\t<div class=\"elementor-icon-box-content\">\n\n\t\t\t\t\t\t\t\t\t<h3 class=\"elementor-icon-box-title\">\n\t\t\t\t\t\t<span  >\n\t\t\t\t\t\t\twww.idd.sk\t\t\t\t\t\t<\/span>\n\t\t\t\t\t<\/h3>\n\t\t\t\t\n\t\t\t\t\n\t\t\t<\/div>\n\t\t\t\n\t\t<\/div>\n\t\t\t\t\t\t<\/div>\n\t\t\t\t<\/div>\n\t\t\t\t<\/div>\n\t\t\t\t<\/div>\n\t\t<div class=\"elementor-element elementor-element-99c8ff8 e-con-full e-flex e-con e-child\" data-id=\"99c8ff8\" data-element_type=\"container\">\n\t\t<div class=\"elementor-element elementor-element-cb226af e-con-full e-flex e-con e-child\" data-id=\"cb226af\" data-element_type=\"container\">\n\t\t\t\t<div class=\"elementor-element elementor-element-48414f5 elementor-widget elementor-widget-text-editor\" data-id=\"48414f5\" data-element_type=\"widget\" data-widget_type=\"text-editor.default\">\n\t\t\t\t\t\t<div class=\"elementor-widget-container\">\n\t\t\t\t\t\t\t\t\t<h4>IDD Bratislava-In\u017een\u00fdrsk\u00e9 dodavatelsk\u00e9 dru\u017estvo<\/h4><p><b>Faktura\u010dn\u00ed \u00fadaje<\/b><br \/>Myjavsk\u00e1 16<br \/>811 03, Bratislava, Slovensko<\/p><p>ID: 00585912<br \/>\u010c\u00cdSLO DI\u010c: 2020300392<br \/>\u010c\u00cdSLO DPH: SK2020300392<\/p><p><b>Operace<br \/><\/b>D\u00fabravsk\u00e1 cesta 9 (are\u00e1l SAV-\u00daSTARCH)<br \/>841 01, Bratislava, Slovensko<\/p><p>Spole\u010dnost <b>IDD Bratislava-In\u017een\u00fdrsk\u00e9 dodavatelsk\u00e9 dru\u017estvo <\/b>je zaps\u00e1na v obchodn\u00edm rejst\u0159\u00edku M\u011bstsk\u00e9ho soudu Bratislava III, odd\u00edl: Dr, vlo\u017eka \u010d.: 17\/B.<\/p>\t\t\t\t\t\t\t\t<\/div>\n\t\t\t\t<\/div>\n\t\t\t\t<\/div>\n\t\t<div class=\"elementor-element elementor-element-aa6cd45 e-con-full e-flex e-con e-child\" data-id=\"aa6cd45\" data-element_type=\"container\">\n\t\t\t\t<div class=\"elementor-element elementor-element-290bed4 elementor-widget elementor-widget-shortcode\" data-id=\"290bed4\" data-element_type=\"widget\" data-widget_type=\"shortcode.default\">\n\t\t\t\t\t\t<div class=\"elementor-widget-container\">\n\t\t\t\t\t\t\t<div class=\"elementor-shortcode\">\r\n\t\t<div id=\"cp_popup_id_179\" class=\"cp-popup-container cp-popup-live-wrap cp_style_179 cp-module-inline cpro-open\" data-style=\"cp_style_179\" data-module-type=\"inline\" data-class-id=\"179\" data-styleslug=\"form\">\r\n\r\n\t\t\t\r\n\t\t\t<div class=\"cp-popup-wrapper cp-manual cp-popup-inline\"  >\r\n\t\t\t\t<div class=\"cp-popup  cpro-animate-container\">\r\n\r\n\t\t\t\t\t\r\n\t\t\t\t\t\t\t\t<form class=\"cpro-form\" method=\"post\" id=\"179\" action=\"\">\r\n\t\t\t\t\t\t<input type='hidden' class='panel-settings' data-style_id= '179' data-section='configure' value='{&quot;show_for_logged_in&quot;:&quot;1&quot;,&quot;hide_on_device&quot;:&quot;&quot;}' ><input type='hidden' class='panel-rulesets' data-style_id= '179' data-section='configure' value='[]' ><style id='cp_popup_style_179' type='text\/css'>.cp_style_179 .cp-popup-content {font-family:inherit;font-style:Normal;font-weight:Normal;}.cp_style_179 .cp-popup-content{ border-style:none;border-color:#e1e1e1;border-width:1px 1px 1px 1px;border-radius:3px 3px 3px 3px;mobile-breakpoint:767;}.cp_style_179 #panel-1-179 .cp-target:hover { }.cp_style_179 #panel-1-179 { }.cp_style_179 .cp-popup-content { width:550px;height:400px;background-color:;}@media ( max-width: 767px ) {.cp_style_179 .cp-popup-content{ border-style:none;border-color:#e1e1e1;border-width:1px 1px 1px 1px;border-radius:3px 3px 3px 3px;mobile-breakpoint:767;}.cp_style_179 #panel-1-179 .cp-target:hover { }.cp_style_179 #panel-1-179 { }.cp_style_179 .cp-popup-content { width:310px;height:350px;background-color:;}}.cp_style_179 .cp-popup .cpro-form .cp-form-input-field{ font-family:inherit;font-style:inherit;font-weight:inherit;text-transform:none;font-size:16px;letter-spacing:0;text-align:left;color:#666;background-color:#fff;border-style:solid;border-width:1px 1px 1px 1px;border-radius:7px 7px 7px 7px;border-color:#bbb;active-border-color:#666;padding:0px 10px 0px 10px;}.cp_style_179 #form_field-179 .cp-target:hover { }.cp_style_179 #form_field-179 placeholder { color:#666;}.cp_style_179 .cp-popup .cpro-form .cp-form-input-field input[type='radio'], .cp_style_179 .cp-popup .cpro-form .cp-form-input-field input[type='checkbox'] {color:#666;background-color:#fff;}.cp_style_179 .cp-popup .cpro-form .cp-form-input-field:focus {border-color: #666;}.cp_style_179 .cp-popup .cpro-form .cp-form-input-field::-webkit-input-placeholder {color:#666;}.cp_style_179 .cp-popup .cpro-form .cp-form-input-field::-moz-placeholder  {color:#666;}.cp_style_179 .cp-popup .cpro-form .pika-lendar table tbody button:hover { background :#666;}.cp_style_179 .cp-popup .cpro-form .pika-lendar table tbody .is-selected .pika-button { background :#666;box-shadow : inset 0 1px 3px #666;}.cp_style_179 #form_field-179 { }@media ( max-width: 767px ) {.cp_style_179 .cp-popup .cpro-form .cp-form-input-field{ font-family:inherit;font-style:inherit;font-weight:inherit;text-transform:none;font-size:16px;letter-spacing:0;text-align:left;color:#666;background-color:#fff;border-style:solid;border-width:1px 1px 1px 1px;border-radius:7px 7px 7px 7px;border-color:#bbb;active-border-color:#666;padding:0px 10px 0px 10px;}.cp_style_179 #form_field-179 .cp-target:hover { }.cp_style_179 #form_field-179 placeholder { color:#666;}.cp_style_179 .cp-popup .cpro-form .cp-form-input-field input[type='radio'], .cp_style_179 .cp-popup .cpro-form .cp-form-input-field input[type='checkbox'] {color:#666;background-color:#fff;}.cp_style_179 .cp-popup .cpro-form .cp-form-input-field:focus {border-color: #666;}.cp_style_179 .cp-popup .cpro-form .cp-form-input-field::-webkit-input-placeholder {color:#666;}.cp_style_179 .cp-popup .cpro-form .cp-form-input-field::-moz-placeholder  {color:#666;}.cp_style_179 .cp-popup .cpro-form .pika-lendar table tbody button:hover { background :#666;}.cp_style_179 .cp-popup .cpro-form .pika-lendar table tbody .is-selected .pika-button { background :#666;box-shadow : inset 0 1px 3px #666;}.cp_style_179 #form_field-179 { }}.cp_style_179 #cp_email-2-179 .cp-target { width:520px;height:45px;}.cp_style_179 #cp_email-2-179 .cp-target:hover { }.cp_style_179 #cp_email-2-179 { left: 14px;top: 68.5px;z-index:2;}@media ( max-width: 767px ) {.cp_style_179 #cp_email-2-179 .cp-target { width:300px;height:35px;}.cp_style_179 #cp_email-2-179 .cp-target:hover { }.cp_style_179 #cp_email-2-179 { left: 4.5px;top: 101.5px;z-index:2;}}.cp_style_179 #cp_text-2-179 .cp-target { width:255px;height:45px;}.cp_style_179 #cp_text-2-179 .cp-target:hover { }.cp_style_179 #cp_text-2-179 { left: 14px;top: 13.5px;z-index:3;}@media ( max-width: 767px ) {.cp_style_179 #cp_text-2-179 .cp-target { width:300px;height:35px;}.cp_style_179 #cp_text-2-179 .cp-target:hover { }.cp_style_179 #cp_text-2-179 { left: 4.5px;top: 8.5px;z-index:3;}}.cp_style_179 #cp_textarea-2-179 .cp-target { width:519px;height:155px;padding:10px 10px 0px 10px;}.cp_style_179 #cp_textarea-2-179 .cp-target:hover { }.cp_style_179 #cp_textarea-2-179 { left: 14px;top: 126.5px;z-index:4;}@media ( max-width: 767px ) {.cp_style_179 #cp_textarea-2-179 .cp-target { width:300px;height:100px;padding:10px 10px 0px 10px;}.cp_style_179 #cp_textarea-2-179 .cp-target:hover { }.cp_style_179 #cp_textarea-2-179 { left: 4.5px;top: 148.5px;z-index:4;}}.cp_style_179 #cp_button-2-179 .cp-target { font-family:inherit;font-style:Inherit;font-weight:Inherit;font-size:16px;letter-spacing:0px;text-align:center;color:#fff;background:#ed2128;width:180px;height:50px;padding:0px 15px 0px 15px;}.cp_style_179 #cp_button-2-179 .cp-target:hover { color:#fff;background:#ed2128;}.cp_style_179 #cp_button-2-179 .cp-target { border-style:none;}.cp_style_179 #cp_button-2-179 .cp-target ~ .cp-field-shadow { border-style:none;}.cp_style_179 #cp_button-2-179 .cp-target { border-color:#757575;}.cp_style_179 #cp_button-2-179 .cp-target ~ .cp-field-shadow { border-color:#757575;}.cp_style_179 #cp_button-2-179 .cp-target { border-width:1px 1px 1px 1px;}.cp_style_179 #cp_button-2-179 .cp-target ~ .cp-field-shadow { border-width:1px 1px 1px 1px;}.cp_style_179 #cp_button-2-179 .cp-target { border-radius:7px 7px 7px 7px;}.cp_style_179 #cp_button-2-179 .cp-target ~ .cp-field-shadow { border-radius:7px 7px 7px 7px;}.cp_style_179 #cp_button-2-179 .cp-target > .cp-close-link { border-radius:7px 7px 7px 7px;}.cp_style_179 #cp_button-2-179 .cp-target > .cp-close-image { border-radius:7px 7px 7px 7px;}.cp_style_179 #cp_button-2-179 .cp-target { }.cp_style_179 #cp_button-2-179 .cp-target ~ .cp-field-shadow { }.cp_style_179 #cp_button-2-179 .cp-rotate-wrap{ transform:rotate( 0deg);}.cp_style_179 #cp_button-2-179 .cp-target:hover { }.cp_style_179 #cp_button-2-179 .cp-target:hover ~ .cp-field-shadow { }.cp_style_179 #cp_button-2-179 { left: 353px;top: 331px;z-index:6;}@media ( max-width: 767px ) {.cp_style_179 #cp_button-2-179 .cp-target { font-family:inherit;font-style:Inherit;font-weight:Inherit;font-size:14px;letter-spacing:0px;text-align:center;color:#fff;background:#ed2128;width:300px;height:35px;padding:0px 15px 0px 15px;}.cp_style_179 #cp_button-2-179 .cp-target:hover { color:#fff;background:#ed2128;}.cp_style_179 #cp_button-2-179 .cp-target { border-style:none;}.cp_style_179 #cp_button-2-179 .cp-target ~ .cp-field-shadow { border-style:none;}.cp_style_179 #cp_button-2-179 .cp-target { border-color:#757575;}.cp_style_179 #cp_button-2-179 .cp-target ~ .cp-field-shadow { border-color:#757575;}.cp_style_179 #cp_button-2-179 .cp-target { border-width:1px 1px 1px 1px;}.cp_style_179 #cp_button-2-179 .cp-target ~ .cp-field-shadow { border-width:1px 1px 1px 1px;}.cp_style_179 #cp_button-2-179 .cp-target { border-radius:7px 7px 7px 7px;}.cp_style_179 #cp_button-2-179 .cp-target ~ .cp-field-shadow { border-radius:7px 7px 7px 7px;}.cp_style_179 #cp_button-2-179 .cp-target > .cp-close-link { border-radius:7px 7px 7px 7px;}.cp_style_179 #cp_button-2-179 .cp-target > .cp-close-image { border-radius:7px 7px 7px 7px;}.cp_style_179 #cp_button-2-179 .cp-target { }.cp_style_179 #cp_button-2-179 .cp-target ~ .cp-field-shadow { }.cp_style_179 #cp_button-2-179 .cp-rotate-wrap{ transform:rotate( 0deg);}.cp_style_179 #cp_button-2-179 .cp-target:hover { }.cp_style_179 #cp_button-2-179 .cp-target:hover ~ .cp-field-shadow { }.cp_style_179 #cp_button-2-179 { left: 4.5px;top: 304.5px;z-index:6;}}.cp_style_179 #cp_checkbox-2-179 .cp-target { line-height:1.5;width:410px;height:33px;}.cp_style_179 #cp_checkbox-2-179 .cp-target .cp-checkbox-wrap input[type=checkbox] {height:16px;width:16px; }.cp_style_179 #cp_checkbox-2-179 .cp-target .cp-checkbox-wrap{line-height:16px; }.cp_style_179 #cp_checkbox-2-179 .cp-target .cp-checkbox-wrap input[type=checkbox]::before {height:6px;width:6px;right:3px;top:9px; }.cp_style_179 #cp_checkbox-2-179 .cp-target:hover { }.cp_style_179 #cp_checkbox-2-179 .cp-target .cp-checkbox-wrap input[type=checkbox] { checkbox-size:16;}.cp_style_179 #cp_checkbox-2-179 { left: 5px;top: 288px;z-index:9;}@media ( max-width: 767px ) {.cp_style_179 #cp_checkbox-2-179 .cp-target { line-height:1.5;width:226px;height:50px;}.cp_style_179 #cp_checkbox-2-179 .cp-target .cp-checkbox-wrap input[type=checkbox] {height:16px;width:16px; }.cp_style_179 #cp_checkbox-2-179 .cp-target .cp-checkbox-wrap{line-height:16px; }.cp_style_179 #cp_checkbox-2-179 .cp-target .cp-checkbox-wrap input[type=checkbox]::before {height:6px;width:6px;right:3px;top:9px; }.cp_style_179 #cp_checkbox-2-179 .cp-target:hover { }.cp_style_179 #cp_checkbox-2-179 .cp-target .cp-checkbox-wrap input[type=checkbox] { checkbox-size:16;}.cp_style_179 #cp_checkbox-2-179 { left: 4.5px;top: 247.5px;z-index:9;}}.cp_style_179 #cp_text-3-179 .cp-target { width:255px;height:45px;}.cp_style_179 #cp_text-3-179 .cp-target:hover { }.cp_style_179 #cp_text-3-179 { left: 278px;top: 13.5px;z-index:10;}@media ( max-width: 767px ) {.cp_style_179 #cp_text-3-179 .cp-target { width:300px;height:35px;}.cp_style_179 #cp_text-3-179 .cp-target:hover { }.cp_style_179 #cp_text-3-179 { left: 5px;top: 54.5px;z-index:10;}}@media ( max-width: 767px ) {.cp_style_179 .cp-invisible-on-mobile {display: none !important;}}<\/style>\r\n\t\t\t\t\t<div class=\"cp-popup-content cpro-active-step  cp-inline    cp-middle  cp-panel-1\"   data-overlay-click =\"1\" data-title=\"Form\" data-module-type=\"inline\"  data-step=\"1\"  data-width=\"550\" data-mobile-width=\"310\" data-height=\"400\" data-mobile-height=\"350\" data-mobile-break-pt=\"767\" data-popup-position=\"middle\" data-mobile-responsive=\"yes\">\r\n\t\t\t\t\t\t\t\t\t\t\t\t\t\t\t\t\t\t\t\t<input type='text' class='cpro-hp-field' name='cpro_hp_feedback_field_179' value=''>\r\n\t\t\t\t\t\t\t<div class=\"cpro-form-container\">                             \r\n\t\t\t\t\t\t<div id=\"cp_email-2-179\" class=\"cp-field-html-data    cp-none\" data-type=\"cp_email\"     >\r\n\t<label for=\"Email-cp_email-2-179\" class=\"cp-sr-only\">Zadejte svou e-mailovou adresu<\/label>\r\n\t<input type=\"email\" id=\"Email-cp_email-2-179\"  class=\"cp-target cp-field-element cp-form-input-field cp-form-field cp-email cp-form-field cp-email-field\" placeholder=\"Zadejte svou e-mailovou adresu\" name=\"param[email]\" value=\"\" required=\"required\" data-email-error-msg=\"{{email-error}}\" autocomplete=\"on\" \/>\r\n<\/div><div id=\"cp_text-2-179\" class=\"cp-field-html-data    cp-none\" data-type=\"cp_text\" data-field-title=\"Text\"   >\r\n\t<label for=\"Text-cp_text-2-179\" class=\"cp-sr-only\">Va\u0161e jm\u00e9no<\/label>\r\n\t<input type=\"text\" id=\"Text-cp_text-2-179\" class=\"cp-target cp-field-element cp-text cp-form-field cp-form-input-field cp-text-field\"  placeholder=\"Va\u0161e jm\u00e9no\" name=\"param[textfield_9268]\" value=\"\" required=\"required\"   access_cp_pro autocomplete=\"on\" \/>\r\n<\/div><div id=\"cp_textarea-2-179\" class=\"cp-field-html-data    cp-none\" data-type=\"cp_textarea\" data-field-title=\"Textarea\"   >\r\n\t<textarea class=\"cp-target cp-field-element cp-form-field cp-form-input-field cp-textarea cp-form-field cp-textarea-field\" aria-label=\"Napi\u0161te n\u00e1m sv\u016fj vzkaz...\" placeholder=\"Napi\u0161te n\u00e1m sv\u016fj vzkaz...\" name=\"param[textarea_4959]\" value=\"\" required=\"required\" data-padding=\"{{padding}}\" ><\/textarea>\r\n<\/div><div id=\"cp_button-2-179\" class=\"cp-field-html-data   cp-none\" data-type=\"cp_button\"   data-action=\"submit\" data-step=\"1\"        >\r\n\t<div class=\"cp-rotate-wrap\"><button type=\"submit\" class=\"cp-target cp-field-element cp-button cp-button-field\"  data-success-message=\"\u010eakujeme za odoslanie spr\u00e1vy. Budeme V\u00e1s kontaktova\u0165.\" data-get-param=\"false\">Odeslat zpr\u00e1vu<\/button>\r\n\t<div class=\"cp-btn-tooltip\"><\/div>\r\n<\/div><\/div><div id=\"cp_checkbox-2-179\" class=\"cp-field-html-data  cp-vertical-orien  cp-none\" data-type=\"cp_checkbox\" data-field-title=\"Check Box\"   >\r\n\t<fieldset class=\"cp-checkbox-fieldset\">\r\n\t\t<legend class=\"cp-sr-only\" >Vyberte mo\u017enosti<\/legend>\r\n\t\t<div class=\"cp-target cp-field-element cp-form-input-field cp-form-field cp-checkbox-field cpro-checkbox-required\" access_cp_pro>\r\n\t\t\t<div class=\"cp-checkbox-wrap\"><label class=\"cp_checkbox_label\"><input type=\"checkbox\" data-api-tags=\"\" name=\"param[checkboxfield_7861-0]\" value=\"S\u00fahlas\u00edm so spracovan\u00edm osobn\u00fdch \u00fadajov\">Souhlas\u00edm se zpracov\u00e1n\u00edm osobn\u00edch \u00fadaj\u016f<\/label><\/div>\r\n\t\t<\/div>\r\n\t<\/fieldset>\r\n<\/div><div id=\"cp_text-3-179\" class=\"cp-field-html-data    cp-none\" data-type=\"cp_text\" data-field-title=\"Text\"   >\r\n\t<label for=\"Text-cp_text-3-179\" class=\"cp-sr-only\">Va\u0161e p\u0159\u00edjmen\u00ed<\/label>\r\n\t<input type=\"text\" id=\"Text-cp_text-3-179\" class=\"cp-target cp-field-element cp-text cp-form-field cp-form-input-field cp-text-field\"  placeholder=\"Va\u0161e p\u0159\u00edjmen\u00ed\" name=\"param[textfield_5357]\" value=\"\" required=\"required\"   access_cp_pro autocomplete=\"on\" \/>\r\n<\/div>\t\t\t\t\t\t\t<\/div>              \r\n\t\t\t\t\t\t\t\t\t\t\t\t\t\t\r\n\t\t\t\t\t\t<\/div><!-- .cp-popup-content -->\r\n\t\t\t\t\t\t      \r\n\t\t<input type=\"hidden\" name=\"param[date]\" value=\"15. April 2026\" \/>\r\n\t\t<input type=\"hidden\" name=\"action\" value=\"cp_v2_notify_admin\" \/>\r\n\t\t<input type=\"hidden\" name=\"style_id\" value=\"179\" \/>\r\n\t\t\t\t\t\t<input type=\"hidden\" name=\"trp-form-language\" value=\"cs\"\/><\/form>\r\n\t\t\t\t\t\t\t\t\t\t<\/div>\r\n\t\t\t\t\t\t\t<\/div><!-- .cp-popup-wrapper -->\r\n\t\t\t\r\n\t\t\t\t\t<\/div><!-- Modal popup container -->\r\n\t\t\t<\/div>\n\t\t\t\t\t\t<\/div>\n\t\t\t\t<\/div>\n\t\t\t\t<\/div>\n\t\t\t\t<\/div>\n\t\t\t\t\t<\/div>\n\t\t\t\t<\/div>\n\t\t<div class=\"elementor-element elementor-element-fd91926 e-con-full e-flex e-con e-parent\" data-id=\"fd91926\" data-element_type=\"container\">\n\t\t<div class=\"elementor-element elementor-element-366233c e-con-full e-flex e-con e-child\" data-id=\"366233c\" data-element_type=\"container\">\n\t\t\t\t<div class=\"elementor-element elementor-element-e05dc05 elementor-widget elementor-widget-google_maps\" data-id=\"e05dc05\" data-element_type=\"widget\" data-widget_type=\"google_maps.default\">\n\t\t\t\t\t\t<div class=\"elementor-widget-container\">\n\t\t\t\t\t\t\t<div class=\"elementor-custom-embed\">\n\t\t\t<iframe loading=\"lazy\"\n\t\t\t\t\tsrc=\"https:\/\/www.google.com\/maps\/embed\/v1\/place?key=AIzaSyC94O45jOa9NeNVe6L_j61jcbcrqoTd5qE&#038;q=IDD%20Bratislava%2C%20D%C3%BAbravsk%C3%A1%20cesta%209&#038;zoom=12\"\n\t\t\t\t\ttitle=\"IDD Bratislava, D\u00fabravsk\u00e1 cesta 9\"\n\t\t\t\t\taria-label=\"IDD Bratislava, D\u00fabravsk\u00e1 cesta 9\"\n\t\t\t><\/iframe>\n\t\t<\/div>\n\t\t\t\t\t\t<\/div>\n\t\t\t\t<\/div>\n\t\t\t\t<\/div>\n\t\t\t\t<\/div>\n\t\t\t\t<\/div>","protected":false},"excerpt":{"rendered":"<p>Kontakty Ji\u017e v\u00edce ne\u017e 30 let p\u0159in\u00e1\u0161\u00ed IDD Bratislava na trh inovativn\u00ed za\u0159\u00edzen\u00ed nejvy\u0161\u0161\u00ed kvality pro vina\u0159sk\u00fd pr\u016fmysl. IDD je nejv\u011bt\u0161\u00edm slovensk\u00fdm v\u00fdrobcem nerezov\u00fdch vina\u0159sk\u00fdch za\u0159\u00edzen\u00ed.+421 2 5477 6917 +421 903 653 234 idd@idd.sk www.idd.sk IDD Bratislava-In\u017een\u00fdrsk\u00e9 a dodavatelsk\u00e9 dru\u017estvo Faktura\u010dn\u00ed \u00fadajeMyjavsk\u00e1 16811 03, Bratislava, Slovensko I\u010cO: 00585912 DI\u010c: 2020300392 DI\u010c: SK2020300392 ProvozovnaD\u00fabravsk\u00e1 [...]<\/p>","protected":false},"author":1,"featured_media":0,"parent":0,"menu_order":0,"comment_status":"closed","ping_status":"closed","template":"","meta":{"site-sidebar-layout":"no-sidebar","site-content-layout":"page-builder","ast-site-content-layout":"full-width-container","site-content-style":"unboxed","site-sidebar-style":"unboxed","ast-global-header-display":"","ast-banner-title-visibility":"","ast-main-header-display":"","ast-hfb-above-header-display":"","ast-hfb-below-header-display":"","ast-hfb-mobile-header-display":"","site-post-title":"disabled","ast-breadcrumbs-content":"","ast-featured-img":"disabled","footer-sml-layout":"","theme-transparent-header-meta":"","adv-header-id-meta":"","stick-header-meta":"","header-above-stick-meta":"","header-main-stick-meta":"","header-below-stick-meta":"","astra-migrate-meta-layouts":"set","ast-page-background-enabled":"default","ast-page-background-meta":{"desktop":{"background-color":"var(--ast-global-color-4)","background-image":"","background-repeat":"repeat","background-position":"center center","background-size":"auto","background-attachment":"scroll","background-type":"","background-media":"","overlay-type":"","overlay-color":"","overlay-opacity":"","overlay-gradient":""},"tablet":{"background-color":"","background-image":"","background-repeat":"repeat","background-position":"center center","background-size":"auto","background-attachment":"scroll","background-type":"","background-media":"","overlay-type":"","overlay-color":"","overlay-opacity":"","overlay-gradient":""},"mobile":{"background-color":"","background-image":"","background-repeat":"repeat","background-position":"center center","background-size":"auto","background-attachment":"scroll","background-type":"","background-media":"","overlay-type":"","overlay-color":"","overlay-opacity":"","overlay-gradient":""}},"ast-content-background-meta":{"desktop":{"background-color":"var(--ast-global-color-5)","background-image":"","background-repeat":"repeat","background-position":"center center","background-size":"auto","background-attachment":"scroll","background-type":"","background-media":"","overlay-type":"","overlay-color":"","overlay-opacity":"","overlay-gradient":""},"tablet":{"background-color":"var(--ast-global-color-5)","background-image":"","background-repeat":"repeat","background-position":"center center","background-size":"auto","background-attachment":"scroll","background-type":"","background-media":"","overlay-type":"","overlay-color":"","overlay-opacity":"","overlay-gradient":""},"mobile":{"background-color":"var(--ast-global-color-5)","background-image":"","background-repeat":"repeat","background-position":"center center","background-size":"auto","background-attachment":"scroll","background-type":"","background-media":"","overlay-type":"","overlay-color":"","overlay-opacity":"","overlay-gradient":""}},"footnotes":""},"class_list":["post-55","page","type-page","status-publish","hentry"],"_links":{"self":[{"href":"https:\/\/idd.sk\/cs\/wp-json\/wp\/v2\/pages\/55","targetHints":{"allow":["GET"]}}],"collection":[{"href":"https:\/\/idd.sk\/cs\/wp-json\/wp\/v2\/pages"}],"about":[{"href":"https:\/\/idd.sk\/cs\/wp-json\/wp\/v2\/types\/page"}],"author":[{"embeddable":true,"href":"https:\/\/idd.sk\/cs\/wp-json\/wp\/v2\/users\/1"}],"replies":[{"embeddable":true,"href":"https:\/\/idd.sk\/cs\/wp-json\/wp\/v2\/comments?post=55"}],"version-history":[{"count":0,"href":"https:\/\/idd.sk\/cs\/wp-json\/wp\/v2\/pages\/55\/revisions"}],"wp:attachment":[{"href":"https:\/\/idd.sk\/cs\/wp-json\/wp\/v2\/media?parent=55"}],"curies":[{"name":"wp","href":"https:\/\/api.w.org\/{rel}","templated":true}]}}