{"id":2,"date":"2022-01-20T17:24:47","date_gmt":"2022-01-20T16:24:47","guid":{"rendered":"https:\/\/dev.plexcore.sk\/idd\/?page_id=2"},"modified":"2025-04-25T10:28:43","modified_gmt":"2025-04-25T08:28:43","slug":"uvod","status":"publish","type":"page","link":"https:\/\/idd.sk\/cs\/","title":{"rendered":"Home"},"content":{"rendered":"<div data-elementor-type=\"wp-page\" data-elementor-id=\"2\" class=\"elementor elementor-2\" data-elementor-post-type=\"page\">\n\t\t\t\t<div class=\"elementor-element elementor-element-e7864be e-con-full e-flex e-con e-parent\" data-id=\"e7864be\" data-element_type=\"container\">\n\t\t<div class=\"elementor-element elementor-element-b697ea4 e-con-full e-flex e-con e-child\" data-id=\"b697ea4\" data-element_type=\"container\" data-settings=\"{&quot;background_background&quot;:&quot;video&quot;,&quot;background_video_link&quot;:&quot;https:\\\/\\\/www.youtube.com\\\/watch?v=-T-9BTo3EYE&quot;,&quot;background_video_start&quot;:25,&quot;background_video_end&quot;:42,&quot;background_play_on_mobile&quot;:&quot;yes&quot;}\">\n\t\t<div class=\"elementor-background-video-container\" aria-hidden=\"true\">\n\t\t\t\t\t\t\t<div class=\"elementor-background-video-embed\"><\/div>\n\t\t\t\t\t\t<\/div>\t\t<\/div>\n\t\t<div class=\"elementor-element elementor-element-d6ff962 e-con-full e-flex e-con e-child\" data-id=\"d6ff962\" data-element_type=\"container\">\n\t\t\t\t<div class=\"elementor-element elementor-element-e48d0b1 uael-heading-align-left elementor-widget elementor-widget-uael-advanced-heading\" data-id=\"e48d0b1\" data-element_type=\"widget\" data-widget_type=\"uael-advanced-heading.default\">\n\t\t\t\t\t\t<div class=\"elementor-widget-container\">\n\t\t\t\t\t\n\t\t<div class=\"uael-module-content uael-heading-wrapper\">\n\t\t\t\t\t\t\n\t\t\t<h1 class=\"uael-heading\">\n\t\t\t\t\t\t\t\t\t\t<span class=\"uael-heading-text elementor-inline-editing uael-size--default\" data-elementor-setting-key=\"heading_title\" data-elementor-inline-editing-toolbar=\"basic\">Nab\u00edz\u00edme nejnov\u011bj\u0161\u00ed technologie pro vina\u0159e a v\u00fdrobce slazen\u00fdch n\u00e1poj\u016f. <\/span>\n\t\t\t\t\t\t\t<\/h1>\n\n\t\t\t\n\t\t\t\n\t\t\t\t\t\t\t<div class=\"uael-subheading elementor-inline-editing\" data-elementor-setting-key=\"heading_description\" data-elementor-inline-editing-toolbar=\"advanced\" >\n\t\t\t\t\t<p><br><\/p><p>Jsme nejv\u011bt\u0161\u00edm slovensk\u00fdm v\u00fdrobcem nerezov\u00fdch vina\u0159sk\u00fdch za\u0159\u00edzen\u00ed a ji\u017e v\u00edce ne\u017e 30 let p\u0159in\u00e1\u0161\u00edme na trh inovativn\u00ed za\u0159\u00edzen\u00ed pro vina\u0159sk\u00fd pr\u016fmysl v nejvy\u0161\u0161\u00ed kvalit\u011b.<\/p>\t\t\t\t<\/div>\n\t\t\t\t\n\t\t\t\t\t\t<\/div>\n\t\t\t\t\t\t<\/div>\n\t\t\t\t<\/div>\n\t\t\t\t<div class=\"elementor-element elementor-element-ca66c45 uael-button-halign-left uael-button-stack-none elementor-widget elementor-widget-uael-buttons\" data-id=\"ca66c45\" data-element_type=\"widget\" data-widget_type=\"uael-buttons.default\">\n\t\t\t\t\t\t<div class=\"elementor-widget-container\">\n\t\t\t\t\t\t\t<div class=\"uael-dual-button-outer-wrap\">\n\t\t\t<div class=\"uael-dual-button-wrap\">\n\t\t\t\t\t\t\t\t<div class=\"uael-button-wrapper uael-dual-button elementor-widget-button elementor-repeater-item-1845eb3 uael-dual-button-0\">\n\t\t\t\t\t<a class=\"elementor-button-link elementor-button elementor-size-lg elementor-button-link\" href=\"https:\/\/idd.sk\/eshop\/\">\n\t\t\t\t\t\t\t\t<span class=\"elementor-button-content-wrapper uael-buttons-icon-\">\n\t\t\t\t\t\t\t\t\t\t\t\t<span class=\"elementor-align-icon- elementor-button-icon\">\n\t\t\t\t\t\t\t\t\t\t\t<\/span>\n\t\t\t\t\t\t\t\t\t\t<span class=\"elementor-button-text elementor-inline-editing\" data-elementor-setting-key=\"buttons.0.text\" data-elementor-inline-editing-toolbar=\"none\">n\u00e1\u0161 obchod<\/span>\n\t\t<\/span>\n\t\t\t\t\t\t\t<\/a>\n\t\t\t\t<\/div>\n\t\t\t\t\t\t\t\t<div class=\"uael-button-wrapper uael-dual-button elementor-widget-button elementor-repeater-item-af02e50 uael-dual-button-1\">\n\t\t\t\t\t<a class=\"elementor-button-link elementor-button elementor-size-lg elementor-button-link\" href=\"https:\/\/idd.sk\/kontakty\/\">\n\t\t\t\t\t\t\t\t<span class=\"elementor-button-content-wrapper uael-buttons-icon- elementor-button-content-wrapper uael-buttons-icon-\">\n\t\t\t\t\t\t\t\t\t\t\t\t<span class=\"elementor-align-icon- elementor-button-icon\">\n\t\t\t\t\t\t\t\t\t\t\t<\/span>\n\t\t\t\t\t\t\t\t\t\t<span class=\"elementor-button-text elementor-inline-editing\" data-elementor-setting-key=\"buttons.1.text\" data-elementor-inline-editing-toolbar=\"none\">Kontakt<\/span>\n\t\t<\/span>\n\t\t\t\t\t\t\t<\/a>\n\t\t\t\t<\/div>\n\t\t\t\t\t\t\t<\/div>\n\t\t<\/div>\n\t\t\t\t\t\t<\/div>\n\t\t\t\t<\/div>\n\t\t\t\t<\/div>\n\t\t\t\t<\/div>\n\t\t<div class=\"elementor-element elementor-element-b0cd5f7 e-con-full e-flex e-con e-parent\" data-id=\"b0cd5f7\" data-element_type=\"container\">\n\t\t<div class=\"elementor-element elementor-element-026fa1d e-con-full e-flex e-con e-child\" data-id=\"026fa1d\" data-element_type=\"container\" data-settings=\"{&quot;background_background&quot;:&quot;classic&quot;}\">\n\t\t\t\t<div class=\"elementor-element elementor-element-389023b elementor-widget elementor-widget-heading\" data-id=\"389023b\" data-element_type=\"widget\" data-widget_type=\"heading.default\">\n\t\t\t\t\t\t<div class=\"elementor-widget-container\">\n\t\t\t\t\t<h2 class=\"elementor-heading-title elementor-size-default\">Pot\u0159ebujete nov\u00e9 logo, \u0161t\u00edtek, let\u00e1k nebo plak\u00e1t?<\/h2>\t\t\t\t<\/div>\n\t\t\t\t<\/div>\n\t\t<div class=\"elementor-element elementor-element-efd1673 e-con-full e-flex e-con e-child\" data-id=\"efd1673\" data-element_type=\"container\">\n\t\t\t\t<\/div>\n\t\t\t\t<div class=\"elementor-element elementor-element-8660fd7 elementor-widget elementor-widget-text-editor\" data-id=\"8660fd7\" data-element_type=\"widget\" data-widget_type=\"text-editor.default\">\n\t\t\t\t\t\t<div class=\"elementor-widget-container\">\n\t\t\t\t\t\t\t\t\t<p>Vytvo\u0159\u00edme kreativn\u00ed a profesion\u00e1ln\u00ed design, kter\u00fd zv\u00fdrazn\u00ed va\u0161i zna\u010dku a oslov\u00ed va\u0161e z\u00e1kazn\u00edky!<\/p>\t\t\t\t\t\t\t\t<\/div>\n\t\t\t\t<\/div>\n\t\t\t\t<div class=\"elementor-element elementor-element-79df581 uael-button-halign-left uael-button-stack-none elementor-widget elementor-widget-uael-buttons\" data-id=\"79df581\" data-element_type=\"widget\" data-widget_type=\"uael-buttons.default\">\n\t\t\t\t\t\t<div class=\"elementor-widget-container\">\n\t\t\t\t\t\t\t<div class=\"uael-dual-button-outer-wrap\">\n\t\t\t<div class=\"uael-dual-button-wrap\">\n\t\t\t\t\t\t\t\t<div class=\"uael-button-wrapper uael-dual-button elementor-widget-button elementor-repeater-item-1845eb3 uael-dual-button-0\">\n\t\t\t\t\t<a class=\"elementor-button-link elementor-button elementor-size-lg elementor-button-link\" href=\"https:\/\/idd.sk\/kontakty\/\">\n\t\t\t\t\t\t\t\t<span class=\"elementor-button-content-wrapper uael-buttons-icon-\">\n\t\t\t\t\t\t\t\t\t\t\t\t<span class=\"elementor-align-icon- elementor-button-icon\">\n\t\t\t\t\t\t\t\t\t\t\t<\/span>\n\t\t\t\t\t\t\t\t\t\t<span class=\"elementor-button-text elementor-inline-editing\" data-elementor-setting-key=\"buttons.0.text\" data-elementor-inline-editing-toolbar=\"none\">kontaktujte n\u00e1s<\/span>\n\t\t<\/span>\n\t\t\t\t\t\t\t<\/a>\n\t\t\t\t<\/div>\n\t\t\t\t\t\t\t<\/div>\n\t\t<\/div>\n\t\t\t\t\t\t<\/div>\n\t\t\t\t<\/div>\n\t\t\t\t<\/div>\n\t\t<div class=\"elementor-element elementor-element-618e2fa e-con-full e-flex e-con e-child\" data-id=\"618e2fa\" data-element_type=\"container\" data-settings=\"{&quot;background_background&quot;:&quot;classic&quot;}\">\n\t\t\t\t<\/div>\n\t\t\t\t<\/div>\n\t\t<div class=\"elementor-element elementor-element-6d044c1 e-con-full e-flex e-con e-parent\" data-id=\"6d044c1\" data-element_type=\"container\">\n\t\t<div class=\"elementor-element elementor-element-0e85df8 e-con-full e-flex e-con e-child\" data-id=\"0e85df8\" data-element_type=\"container\">\n\t\t<div class=\"elementor-element elementor-element-7022211 e-flex e-con-boxed e-con e-child\" data-id=\"7022211\" data-element_type=\"container\">\n\t\t\t\t\t<div class=\"e-con-inner\">\n\t\t\t\t<div class=\"elementor-element elementor-element-fc36d4c uael-heading-align-left uael-mobile-heading-align-left elementor-widget elementor-widget-uael-advanced-heading\" data-id=\"fc36d4c\" data-element_type=\"widget\" data-widget_type=\"uael-advanced-heading.default\">\n\t\t\t\t\t\t<div class=\"elementor-widget-container\">\n\t\t\t\t\t\n\t\t<div class=\"uael-module-content uael-heading-wrapper\">\n\t\t\t\t\t\t\n\t\t\t<h2 class=\"uael-heading\">\n\t\t\t\t\t\t\t\t\t<a href=\"https:\/\/idd.sk\/obchod\/\" >\n\t\t\t\t\t\t\t\t\t\t<span class=\"uael-heading-text elementor-inline-editing uael-size--default\" data-elementor-setting-key=\"heading_title\" data-elementor-inline-editing-toolbar=\"basic\">Bestsellery<\/span>\n\t\t\t\t\t\t\t\t\t<\/a>\n\t\t\t\t\t\t\t<\/h2>\n\n\t\t\t\n\t\t\t\n\t\t\t\n\t\t\t\t\t\t<\/div>\n\t\t\t\t\t\t<\/div>\n\t\t\t\t<\/div>\n\t\t\t\t\t<\/div>\n\t\t\t\t<\/div>\n\t\t\t\t<div class=\"elementor-element elementor-element-e35eb70 uael-woo--align-center uael-sale-flash-circle elementor-widget elementor-widget-uael-woo-products\" data-id=\"e35eb70\" data-element_type=\"widget\" data-settings=\"{&quot;products_columns&quot;:&quot;5&quot;,&quot;products_columns_tablet&quot;:&quot;3&quot;,&quot;products_columns_mobile&quot;:&quot;1&quot;}\" data-widget_type=\"uael-woo-products.grid-franko\">\n\t\t\t\t\t\t<div class=\"elementor-widget-container\">\n\t\t\t\t\t<div class=\"uael-woocommerce uael-woo-products-grid uael-woo-skin-grid-franko uael-woo-query-all\" data-page=\"2\" data-skin=\"grid_franko\"><div class=\"columns-5 uael-woo-products-inner uael-woo-product__column-5 uael-woo-product__column-tablet-3 uael-woo-product__column-mobile-1\"><ul class=\"products columns-5\">\n\n<li class=\"chladenie v\u00edna a ovocn\u00fdch \u0161tiav post-632 product first onbackorder taxable shipping-taxable product-type-simple\">\n\t<div class=\"uael-woo-product-wrapper\">\n\t\t<div class=\"uael-woo-products-thumbnail-wrap\"><div class=\"uael-flash-container\"><\/div><a href=\"https:\/\/idd.sk\/cs\/eshop\/chlazeni\/vodni-chladic-pro-vice-nez-60000-kvasnych-litru-mostu-najednou\/\" class=\"woocommerce-LoopProduct-link woocommerce-loop-product__link\"><img fetchpriority=\"high\" decoding=\"async\" width=\"300\" height=\"300\" src=\"https:\/\/idd.sk\/wp-content\/uploads\/2022\/03\/chladiace-agregaty-300x300.jpg\" class=\"attachment-woocommerce_thumbnail size-woocommerce_thumbnail\" alt=\"chladic\u00ed jednotka pro vina\u0159e IDD\" title=\"\"><\/a><div class=\"uael-product-actions\"><\/div><\/div>\t<\/div>\n<\/li>\n\n<li class=\"n\u00e1dr\u017ee na v\u00edno post-1874 product  instock taxable shipping-taxable purchasable product-type-simple\">\n\t<div class=\"uael-woo-product-wrapper\">\n\t\t<div class=\"uael-woo-products-thumbnail-wrap\"><div class=\"uael-flash-container\"><\/div><a href=\"https:\/\/idd.sk\/cs\/eshop\/pres\/uzaviraci-nadrz-s-plovoucim-vikem\/\" class=\"woocommerce-LoopProduct-link woocommerce-loop-product__link\"><img decoding=\"async\" width=\"300\" height=\"300\" src=\"https:\/\/idd.sk\/wp-content\/uploads\/2024\/01\/capovacianadrz_typnpvc_2-300x300.png\" class=\"attachment-woocommerce_thumbnail size-woocommerce_thumbnail\" alt=\"Plnic\u00ed n\u00e1dr\u017e s plovouc\u00edm v\u00edkem pro vinn\u00e9 sklepy a vinot\u00e9ky\" title=\"\"><\/a><div class=\"uael-product-actions\"><\/div><\/div>\t<\/div>\n<\/li>\n\n<li class=\"n\u00e1dr\u017ee na v\u00edno post-600 product  instock taxable shipping-taxable purchasable product-type-variable\">\n\t<div class=\"uael-woo-product-wrapper\">\n\t\t<div class=\"uael-woo-products-thumbnail-wrap\"><div class=\"uael-flash-container\"><\/div><a href=\"https:\/\/idd.sk\/cs\/eshop\/pres\/ochrana-vina-dusikem\/\" class=\"woocommerce-LoopProduct-link woocommerce-loop-product__link\"><img decoding=\"async\" width=\"300\" height=\"300\" src=\"https:\/\/idd.sk\/wp-content\/uploads\/2022\/03\/ochranavinadusikom4-300x300.png\" class=\"attachment-woocommerce_thumbnail size-woocommerce_thumbnail\" alt=\"Ochrana v\u00edna p\u0159ed dus\u00edkem\" title=\"\"><\/a><div class=\"uael-product-actions\"><\/div><\/div>\t<\/div>\n<\/li>\n\n<li class=\"regula\u010dn\u00fd syst\u00e9m vinpilot\u00ae post-640 product  instock taxable shipping-taxable purchasable product-type-variable\">\n\t<div class=\"uael-woo-product-wrapper\">\n\t\t<div class=\"uael-woo-products-thumbnail-wrap\"><div class=\"uael-flash-container\"><\/div><a href=\"https:\/\/idd.sk\/cs\/eshop\/nastavitelny-system-vinpilot\/smaceci-system-vinpilotr-dryfog\/\" class=\"woocommerce-LoopProduct-link woocommerce-loop-product__link\"><img loading=\"lazy\" decoding=\"async\" width=\"300\" height=\"300\" src=\"https:\/\/idd.sk\/wp-content\/uploads\/2022\/03\/vinpilotdryfog2-300x300.png\" class=\"attachment-woocommerce_thumbnail size-woocommerce_thumbnail\" alt=\"Zvlh\u010dovac\u00ed syst\u00e9m VinPilot\u00ae DRYFOG IDD\" title=\"\"><\/a><div class=\"uael-product-actions\"><\/div><\/div>\t<\/div>\n<\/li>\n\n<li class=\"n\u00e1dr\u017ee na v\u00edno post-612 product last instock taxable shipping-taxable purchasable product-type-variable\">\n\t<div class=\"uael-woo-product-wrapper\">\n\t\t<div class=\"uael-woo-products-thumbnail-wrap\"><div class=\"uael-flash-container\"><\/div><a href=\"https:\/\/idd.sk\/cs\/eshop\/pres\/uzaviraci-sud-typu-s\/\" class=\"woocommerce-LoopProduct-link woocommerce-loop-product__link\"><img loading=\"lazy\" decoding=\"async\" width=\"300\" height=\"300\" src=\"https:\/\/idd.sk\/wp-content\/uploads\/2022\/03\/Capovaci_sudok-_0003_STF_5021-300x300.jpg\" class=\"attachment-woocommerce_thumbnail size-woocommerce_thumbnail\" alt=\"V\u00fd\u010depn\u00ed sud - TYP S\" title=\"\"><\/a><div class=\"uael-product-actions\"><\/div><\/div>\t<\/div>\n<\/li>\n\n<li class=\"regula\u010dn\u00fd syst\u00e9m vinpilot\u00ae post-953 product first instock taxable shipping-taxable purchasable product-type-variable\">\n\t<div class=\"uael-woo-product-wrapper\">\n\t\t<div class=\"uael-woo-products-thumbnail-wrap\"><div class=\"uael-flash-container\"><\/div><a href=\"https:\/\/idd.sk\/cs\/eshop\/nastavitelny-system-vinpilot\/vinpilot-jedno-rozdeleni\/\" class=\"woocommerce-LoopProduct-link woocommerce-loop-product__link\"><img loading=\"lazy\" decoding=\"async\" width=\"300\" height=\"300\" src=\"https:\/\/idd.sk\/wp-content\/uploads\/2022\/04\/vinpilotonesplit-300x300.png\" class=\"attachment-woocommerce_thumbnail size-woocommerce_thumbnail\" alt=\"VinPilot\u00ae ONE SPLIT sklepn\u00ed syst\u00e9m pro v\u00fdrobu v\u00edna IDD\" title=\"\"><\/a><div class=\"uael-product-actions\"><\/div><\/div>\t<\/div>\n<\/li>\n\n<li class=\"regula\u010dn\u00fd syst\u00e9m vinpilot\u00ae post-636 product  instock taxable shipping-taxable purchasable product-type-simple\">\n\t<div class=\"uael-woo-product-wrapper\">\n\t\t<div class=\"uael-woo-products-thumbnail-wrap\"><div class=\"uael-flash-container\"><\/div><a href=\"https:\/\/idd.sk\/cs\/eshop\/nastavitelny-system-vinpilot\/vinpilot-pro\/\" class=\"woocommerce-LoopProduct-link woocommerce-loop-product__link\"><img loading=\"lazy\" decoding=\"async\" width=\"300\" height=\"300\" src=\"https:\/\/idd.sk\/wp-content\/uploads\/2022\/03\/vinpilotregulator-300x300.png\" class=\"attachment-woocommerce_thumbnail size-woocommerce_thumbnail\" alt=\"\u0158\u00eddic\u00ed jednotka VinPilot\u00aePro BUS IDD\" title=\"\"><\/a><div class=\"uael-product-actions\"><\/div><\/div>\t<\/div>\n<\/li>\n\n<li class=\"nerezov\u00e9 kotliny post-4506 product  instock taxable shipping-taxable purchasable product-type-simple\">\n\t<div class=\"uael-woo-product-wrapper\">\n\t\t<div class=\"uael-woo-products-thumbnail-wrap\"><div class=\"uael-flash-container\"><\/div><a href=\"https:\/\/idd.sk\/cs\/eshop\/umyvadla-z-nerezove-oceli\/konvice-z-nerezove-oceli-14l\/\" class=\"woocommerce-LoopProduct-link woocommerce-loop-product__link\"><img loading=\"lazy\" decoding=\"async\" width=\"300\" height=\"300\" src=\"https:\/\/idd.sk\/wp-content\/uploads\/2026\/04\/Nerezova-kotlina-14l-300x300.jpg\" class=\"attachment-woocommerce_thumbnail size-woocommerce_thumbnail\" alt=\"Nerezov\u00e1 konvice 14l\" title=\"\"><\/a><div class=\"uael-product-actions\"><\/div><\/div>\t<\/div>\n<\/li>\n\n<li class=\"vin\u00e1rske doplnky post-654 product  instock taxable shipping-taxable purchasable product-type-simple\">\n\t<div class=\"uael-woo-product-wrapper\">\n\t\t<div class=\"uael-woo-products-thumbnail-wrap\"><div class=\"uael-flash-container\"><\/div><a href=\"https:\/\/idd.sk\/cs\/eshop\/prislusenstvi-k-vinu\/nuz-z-nerezove-oceli-na-sber-hroznu\/\" class=\"woocommerce-LoopProduct-link woocommerce-loop-product__link\"><img loading=\"lazy\" decoding=\"async\" width=\"300\" height=\"300\" src=\"https:\/\/idd.sk\/wp-content\/uploads\/2022\/03\/ohreblo2-300x300.png\" class=\"attachment-woocommerce_thumbnail size-woocommerce_thumbnail\" alt=\"Sb\u011bra\u010d hrozn\u016f IDD z nerezov\u00e9 oceli\" title=\"\"><\/a><div class=\"uael-product-actions\"><\/div><\/div>\t<\/div>\n<\/li>\n\n<li class=\"vinifik\u00e1tory post-616 product last onbackorder taxable shipping-taxable product-type-simple\">\n\t<div class=\"uael-woo-product-wrapper\">\n\t\t<div class=\"uael-woo-products-thumbnail-wrap\"><div class=\"uael-flash-container\"><\/div><a href=\"https:\/\/idd.sk\/cs\/eshop\/vinifikatory\/vinifikator-a-kryomaceracni-nastavba\/\" class=\"woocommerce-LoopProduct-link woocommerce-loop-product__link\"><img loading=\"lazy\" decoding=\"async\" width=\"300\" height=\"300\" src=\"https:\/\/idd.sk\/wp-content\/uploads\/2022\/03\/Vinifikator-2026-300x300.jpg\" class=\"attachment-woocommerce_thumbnail size-woocommerce_thumbnail\" alt=\"Vinifik\u00e1tor a kryomacerace CRYO-SPIN\" title=\"\"><\/a><div class=\"uael-product-actions\"><\/div><\/div>\t<\/div>\n<\/li>\n<\/ul>\n<\/div><\/div>\t\t\t\t<\/div>\n\t\t\t\t<\/div>\n\t\t\t\t<\/div>\n\t\t\t\t<\/div>\n\t\t<div class=\"elementor-element elementor-element-2385827 e-con-full e-flex e-con e-parent\" data-id=\"2385827\" data-element_type=\"container\" data-settings=\"{&quot;background_background&quot;:&quot;classic&quot;}\">\n\t\t\t\t<div class=\"elementor-element elementor-element-a4f144b uael-button-halign-left uael-button-stack-none elementor-widget elementor-widget-uael-buttons\" data-id=\"a4f144b\" data-element_type=\"widget\" data-widget_type=\"uael-buttons.default\">\n\t\t\t\t\t\t<div class=\"elementor-widget-container\">\n\t\t\t\t\t\t\t<div class=\"uael-dual-button-outer-wrap\">\n\t\t\t<div class=\"uael-dual-button-wrap\">\n\t\t\t\t\t\t\t\t<div class=\"uael-button-wrapper uael-dual-button elementor-widget-button elementor-repeater-item-1845eb3 uael-dual-button-0\">\n\t\t\t\t\t<a class=\"elementor-button-link elementor-button elementor-size-lg elementor-button-link\" href=\"https:\/\/idd.sk\/o-nas\/\">\n\t\t\t\t\t\t\t\t<span class=\"elementor-button-content-wrapper uael-buttons-icon-\">\n\t\t\t\t\t\t\t\t\t\t\t\t<span class=\"elementor-align-icon- elementor-button-icon\">\n\t\t\t\t\t\t\t\t\t\t\t<\/span>\n\t\t\t\t\t\t\t\t\t\t<span class=\"elementor-button-text elementor-inline-editing\" data-elementor-setting-key=\"buttons.0.text\" data-elementor-inline-editing-toolbar=\"none\">n\u00e1\u0161 p\u0159\u00edb\u011bh<\/span>\n\t\t<\/span>\n\t\t\t\t\t\t\t<\/a>\n\t\t\t\t<\/div>\n\t\t\t\t\t\t\t<\/div>\n\t\t<\/div>\n\t\t\t\t\t\t<\/div>\n\t\t\t\t<\/div>\n\t\t\t\t<\/div>\n\t\t<div class=\"elementor-element elementor-element-86a3ce5 e-con-full e-flex e-con e-parent\" data-id=\"86a3ce5\" data-element_type=\"container\">\n\t\t<div class=\"elementor-element elementor-element-b82ad9c e-con-full e-flex e-con e-child\" data-id=\"b82ad9c\" data-element_type=\"container\" data-settings=\"{&quot;background_background&quot;:&quot;classic&quot;}\">\n\t\t\t\t<div class=\"elementor-element elementor-element-62e9e0b elementor-widget elementor-widget-heading\" data-id=\"62e9e0b\" data-element_type=\"widget\" data-widget_type=\"heading.default\">\n\t\t\t\t\t\t<div class=\"elementor-widget-container\">\n\t\t\t\t\t<h2 class=\"elementor-heading-title elementor-size-default\">Ochrana v\u00edna p\u0159ed dus\u00edkem<\/h2>\t\t\t\t<\/div>\n\t\t\t\t<\/div>\n\t\t<div class=\"elementor-element elementor-element-aafadb1 e-con-full e-flex e-con e-child\" data-id=\"aafadb1\" data-element_type=\"container\">\n\t\t\t\t<\/div>\n\t\t\t\t<div class=\"elementor-element elementor-element-1f32158 elementor-widget elementor-widget-text-editor\" data-id=\"1f32158\" data-element_type=\"widget\" data-widget_type=\"text-editor.default\">\n\t\t\t\t\t\t<div class=\"elementor-widget-container\">\n\t\t\t\t\t\t\t\t\t<p>Na\u0161e n\u00e1dr\u017ee mohou b\u00fdt vybaveny inovativn\u00edm syst\u00e9mem ochrany v\u00edna dus\u00edkem, kter\u00fd eliminuje nutnost pou\u017e\u00edvat n\u00e1dr\u017ee s plovouc\u00edm v\u00edkem.<\/p>\t\t\t\t\t\t\t\t<\/div>\n\t\t\t\t<\/div>\n\t\t\t\t<div class=\"elementor-element elementor-element-0acc16e uael-button-halign-left uael-button-stack-none elementor-widget elementor-widget-uael-buttons\" data-id=\"0acc16e\" data-element_type=\"widget\" data-widget_type=\"uael-buttons.default\">\n\t\t\t\t\t\t<div class=\"elementor-widget-container\">\n\t\t\t\t\t\t\t<div class=\"uael-dual-button-outer-wrap\">\n\t\t\t<div class=\"uael-dual-button-wrap\">\n\t\t\t\t\t\t\t\t<div class=\"uael-button-wrapper uael-dual-button elementor-widget-button elementor-repeater-item-1845eb3 uael-dual-button-0\">\n\t\t\t\t\t<a class=\"elementor-button-link elementor-button elementor-size-lg elementor-button-link\" href=\"https:\/\/idd.sk\/eshop\/ochrana-vina-dusikom\/\">\n\t\t\t\t\t\t\t\t<span class=\"elementor-button-content-wrapper uael-buttons-icon-\">\n\t\t\t\t\t\t\t\t\t\t\t\t<span class=\"elementor-align-icon- elementor-button-icon\">\n\t\t\t\t\t\t\t\t\t\t\t<\/span>\n\t\t\t\t\t\t\t\t\t\t<span class=\"elementor-button-text elementor-inline-editing\" data-elementor-setting-key=\"buttons.0.text\" data-elementor-inline-editing-toolbar=\"none\">objedn\u00e1vka<\/span>\n\t\t<\/span>\n\t\t\t\t\t\t\t<\/a>\n\t\t\t\t<\/div>\n\t\t\t\t\t\t\t<\/div>\n\t\t<\/div>\n\t\t\t\t\t\t<\/div>\n\t\t\t\t<\/div>\n\t\t\t\t<\/div>\n\t\t<div class=\"elementor-element elementor-element-e08231e e-con-full e-flex e-con e-child\" data-id=\"e08231e\" data-element_type=\"container\" data-settings=\"{&quot;background_background&quot;:&quot;classic&quot;}\">\n\t\t\t\t<\/div>\n\t\t\t\t<\/div>\n\t\t\t\t<\/div>","protected":false},"excerpt":{"rendered":"<p>Nab\u00edz\u00edme nejmodern\u011bj\u0161\u00ed technologie pro vina\u0159e a v\u00fdrobce slazen\u00fdch n\u00e1poj\u016f Jsme nejv\u011bt\u0161\u00edm slovensk\u00fdm v\u00fdrobcem nerezov\u00fdch vina\u0159sk\u00fdch za\u0159\u00edzen\u00ed a ji\u017e v\u00edce ne\u017e 30 let p\u0159in\u00e1\u0161\u00edme na trh inovativn\u00ed za\u0159\u00edzen\u00ed pro vina\u0159sk\u00fd pr\u016fmysl t\u00e9 nejvy\u0161\u0161\u00ed kvality.Kontakty na n\u00e1\u0161 obchod Pot\u0159ebujete nov\u00e9 logo, etiketu, let\u00e1k nebo plak\u00e1t? Vytvo\u0159\u00edme pro v\u00e1s kreativn\u00ed a profesion\u00e1ln\u00ed design, kter\u00fd zv\u00fdrazn\u00ed va\u0161i zna\u010dku a [...]<\/p>","protected":false},"author":1,"featured_media":1732,"parent":0,"menu_order":0,"comment_status":"closed","ping_status":"closed","template":"elementor_header_footer","meta":{"site-sidebar-layout":"no-sidebar","site-content-layout":"page-builder","ast-site-content-layout":"full-width-container","site-content-style":"unboxed","site-sidebar-style":"unboxed","ast-global-header-display":"","ast-banner-title-visibility":"","ast-main-header-display":"","ast-hfb-above-header-display":"","ast-hfb-below-header-display":"","ast-hfb-mobile-header-display":"","site-post-title":"disabled","ast-breadcrumbs-content":"","ast-featured-img":"disabled","footer-sml-layout":"","theme-transparent-header-meta":"","adv-header-id-meta":"","stick-header-meta":"","header-above-stick-meta":"","header-main-stick-meta":"","header-below-stick-meta":"","astra-migrate-meta-layouts":"set","ast-page-background-enabled":"default","ast-page-background-meta":{"desktop":{"background-color":"var(--ast-global-color-4)","background-image":"","background-repeat":"repeat","background-position":"center center","background-size":"auto","background-attachment":"scroll","background-type":"","background-media":"","overlay-type":"","overlay-color":"","overlay-opacity":"","overlay-gradient":""},"tablet":{"background-color":"","background-image":"","background-repeat":"repeat","background-position":"center center","background-size":"auto","background-attachment":"scroll","background-type":"","background-media":"","overlay-type":"","overlay-color":"","overlay-opacity":"","overlay-gradient":""},"mobile":{"background-color":"","background-image":"","background-repeat":"repeat","background-position":"center center","background-size":"auto","background-attachment":"scroll","background-type":"","background-media":"","overlay-type":"","overlay-color":"","overlay-opacity":"","overlay-gradient":""}},"ast-content-background-meta":{"desktop":{"background-color":"var(--ast-global-color-5)","background-image":"","background-repeat":"repeat","background-position":"center center","background-size":"auto","background-attachment":"scroll","background-type":"","background-media":"","overlay-type":"","overlay-color":"","overlay-opacity":"","overlay-gradient":""},"tablet":{"background-color":"var(--ast-global-color-5)","background-image":"","background-repeat":"repeat","background-position":"center center","background-size":"auto","background-attachment":"scroll","background-type":"","background-media":"","overlay-type":"","overlay-color":"","overlay-opacity":"","overlay-gradient":""},"mobile":{"background-color":"var(--ast-global-color-5)","background-image":"","background-repeat":"repeat","background-position":"center center","background-size":"auto","background-attachment":"scroll","background-type":"","background-media":"","overlay-type":"","overlay-color":"","overlay-opacity":"","overlay-gradient":""}},"footnotes":""},"class_list":["post-2","page","type-page","status-publish","has-post-thumbnail","hentry","desktop-align-center","tablet-align-center","mobile-align-center","ast-product-gallery-layout-horizontal-slider","ast-magnify-disabled","ast-product-tabs-layout-horizontal"],"_links":{"self":[{"href":"https:\/\/idd.sk\/cs\/wp-json\/wp\/v2\/pages\/2","targetHints":{"allow":["GET"]}}],"collection":[{"href":"https:\/\/idd.sk\/cs\/wp-json\/wp\/v2\/pages"}],"about":[{"href":"https:\/\/idd.sk\/cs\/wp-json\/wp\/v2\/types\/page"}],"author":[{"embeddable":true,"href":"https:\/\/idd.sk\/cs\/wp-json\/wp\/v2\/users\/1"}],"replies":[{"embeddable":true,"href":"https:\/\/idd.sk\/cs\/wp-json\/wp\/v2\/comments?post=2"}],"version-history":[{"count":1,"href":"https:\/\/idd.sk\/cs\/wp-json\/wp\/v2\/pages\/2\/revisions"}],"predecessor-version":[{"id":4385,"href":"https:\/\/idd.sk\/cs\/wp-json\/wp\/v2\/pages\/2\/revisions\/4385"}],"wp:featuredmedia":[{"embeddable":true,"href":"https:\/\/idd.sk\/cs\/wp-json\/wp\/v2\/media\/1732"}],"wp:attachment":[{"href":"https:\/\/idd.sk\/cs\/wp-json\/wp\/v2\/media?parent=2"}],"curies":[{"name":"wp","href":"https:\/\/api.w.org\/{rel}","templated":true}]}}